{"id":907,"date":"2020-08-25T13:30:28","date_gmt":"2020-08-25T11:30:28","guid":{"rendered":"http:\/\/192.181.0.88\/de\/?page_id=907"},"modified":"2021-09-07T13:35:31","modified_gmt":"2021-09-07T11:35:31","slug":"change-management-user-training","status":"publish","type":"page","link":"https:\/\/acopa.de\/en\/change-management-user-training\/","title":{"rendered":"Change Management"},"content":{"rendered":"<p>[et_pb_section fb_built=&#8221;1&#8243; next_background_color=&#8221;#ffffff&#8221; admin_label=&#8221;Hero Section&#8221; _builder_version=&#8221;4.6.5&#8243; use_background_color_gradient=&#8221;on&#8221; background_color_gradient_start=&#8221;rgba(0,0,0,0.4)&#8221; background_color_gradient_end=&#8221;rgba(0,0,0,0.4)&#8221; background_color_gradient_overlays_image=&#8221;on&#8221; background_image=&#8221;https:\/\/acopa.de\/en\/wp-content\/uploads\/sites\/6\/2020\/10\/AdobeStock_208374188_72dpi.jpg&#8221; background_blend=&#8221;multiply&#8221; custom_padding=&#8221;6%||6%||true|&#8221; bottom_divider_style=&#8221;slant&#8221; bottom_divider_height=&#8221;60px&#8221; background_color_gradient_direction__hover=&#8221;180deg&#8221; background_color_gradient_direction__hover_enabled=&#8221;180deg&#8221; background_color_gradient_start_position__hover=&#8221;0%&#8221; background_color_gradient_start_position__hover_enabled=&#8221;0%&#8221; background_color_gradient_end_position__hover=&#8221;100%&#8221; background_color_gradient_end_position__hover_enabled=&#8221;100%&#8221;][et_pb_row _builder_version=&#8221;4.6.0&#8243; _module_preset=&#8221;default&#8221;][et_pb_column type=&#8221;4_4&#8243; _builder_version=&#8221;4.6.0&#8243; _module_preset=&#8221;default&#8221;][et_pb_text _builder_version=&#8221;4.7.3&#8243; _module_preset=&#8221;default&#8221; text_font=&#8221;Proxima Nova Regular|300|||||||&#8221; text_text_color=&#8221;#ffffff&#8221; header_font=&#8221;Proxima Nova SemiBold|700|||||||&#8221; header_text_align=&#8221;center&#8221; header_text_color=&#8221;#ffffff&#8221; header_font_size=&#8221;36px&#8221; header_2_font=&#8221;Proxima Nova SemiBold|700|||||||&#8221; header_2_text_color=&#8221;#bbd406&#8243; header_2_font_size=&#8221;30px&#8221; header_2_line_height=&#8221;1em&#8221; header_3_font=&#8221;Proxima Nova Regular|300||on|||||&#8221; header_3_text_color=&#8221;#878787&#8243; header_3_font_size=&#8221;18px&#8221; header_3_line_height=&#8221;0.1em&#8221; header_5_font=&#8221;Proxima Nova Regular|300|||||||&#8221; header_5_text_color=&#8221;#878787&#8243; header_5_line_height=&#8221;1.5em&#8221; max_width=&#8221;none&#8221; header_font_size_tablet=&#8221;&#8221; header_font_size_phone=&#8221;24px&#8221; header_font_size_last_edited=&#8221;on|phone&#8221; header_line_height_tablet=&#8221;&#8221; header_line_height_phone=&#8221;1.3em&#8221; header_line_height_last_edited=&#8221;on|phone&#8221; header_2_font_size_tablet=&#8221;&#8221; header_2_font_size_phone=&#8221;28px&#8221; header_2_font_size_last_edited=&#8221;on|desktop&#8221; header_5_font_size_tablet=&#8221;&#8221; header_5_font_size_phone=&#8221;14px&#8221; header_5_font_size_last_edited=&#8221;on|phone&#8221;]<\/p>\n<h1 style=\"text-align: center;\"><strong>CHANGE MANAGEMENT &amp; USER TRAINING <\/strong><\/h1>\n<p style=\"text-align: center;\">We<span>\u00a0<\/span> ensure that your users are properly trained to work with the new processes and applications<\/p>\n<p>[\/et_pb_text][\/et_pb_column][\/et_pb_row][\/et_pb_section][et_pb_section fb_built=&#8221;1&#8243; custom_padding_last_edited=&#8221;on|phone&#8221; disabled_on=&#8221;off|off|off&#8221; admin_label=&#8221;Featured Project&#8221; _builder_version=&#8221;4.7.1&#8243; custom_margin_tablet=&#8221;&#8221; custom_margin_phone=&#8221;||30px||false|false&#8221; custom_margin_last_edited=&#8221;on|phone&#8221; custom_padding=&#8221;50px||50px||false|false&#8221; custom_padding_tablet=&#8221;0px||0px||true|false&#8221; custom_padding_phone=&#8221;&#8221;][et_pb_row _builder_version=&#8221;4.6.0&#8243; _module_preset=&#8221;default&#8221;][et_pb_column type=&#8221;4_4&#8243; _builder_version=&#8221;4.6.0&#8243; _module_preset=&#8221;default&#8221;][et_pb_text _builder_version=&#8221;4.7.3&#8243; _module_preset=&#8221;default&#8221; text_font=&#8221;Proxima Nova Regular|300|||||||&#8221; header_2_font=&#8221;Proxima Nova SemiBold|700|||||||&#8221; header_2_text_color=&#8221;#bbd406&#8243; header_2_font_size=&#8221;30px&#8221; header_2_line_height=&#8221;1.5em&#8221; header_3_font=&#8221;Proxima Nova Regular|300||on|||||&#8221; header_3_text_color=&#8221;#878787&#8243; header_3_font_size=&#8221;18px&#8221; header_3_line_height=&#8221;0.1em&#8221; header_5_font=&#8221;Proxima Nova Regular|300|||||||&#8221; header_5_text_color=&#8221;#878787&#8243; header_5_line_height=&#8221;1.5em&#8221; max_width=&#8221;none&#8221; header_2_font_size_tablet=&#8221;&#8221; header_2_font_size_phone=&#8221;21px&#8221; header_2_font_size_last_edited=&#8221;on|phone&#8221; header_5_font_size_tablet=&#8221;&#8221; header_5_font_size_phone=&#8221;14px&#8221; header_5_font_size_last_edited=&#8221;on|phone&#8221;]<\/p>\n<h2><strong>CHANGE MANAGEMENT &amp; USER TRAINING <\/strong><\/h2>\n<h5>We<span>\u00a0<\/span> ensure that your users are properly trained to work with the new processes and applications<\/h5>\n<p>[\/et_pb_text][\/et_pb_column][\/et_pb_row][et_pb_row column_structure=&#8221;1_2,1_2&#8243; custom_padding_last_edited=&#8221;on|desktop&#8221; admin_label=&#8221;Featured Project&#8221; _builder_version=&#8221;4.9.10&#8243; custom_margin=&#8221;0px||0px||false|false&#8221; custom_margin_tablet=&#8221;-10px||15px||false|false&#8221; custom_margin_phone=&#8221;-30px||||false|false&#8221; custom_margin_last_edited=&#8221;on|phone&#8221; custom_padding=&#8221;0px||0px||false|false&#8221; custom_padding_tablet=&#8221;&#8221; custom_padding_phone=&#8221;&#8221; hover_enabled=&#8221;0&#8243; animation_style=&#8221;fade&#8221; sticky_enabled=&#8221;0&#8243;][et_pb_column type=&#8221;1_2&#8243; _builder_version=&#8221;4.6.0&#8243; custom_padding=&#8221;|||&#8221; custom_padding__hover=&#8221;|||&#8221;][et_pb_divider show_divider=&#8221;off&#8221; _builder_version=&#8221;3.2&#8243; max_width=&#8221;23px&#8221; module_alignment=&#8221;left&#8221; animation_style=&#8221;slide&#8221; animation_intensity_slide=&#8221;20%&#8221; animation_starting_opacity=&#8221;100%&#8221; locked=&#8221;off&#8221;][\/et_pb_divider][et_pb_text _builder_version=&#8221;4.9.10&#8243; text_font=&#8221;Proxima Nova Regular||||||||&#8221; text_line_height=&#8221;1.8em&#8221; header_font=&#8221;Proxima Nova SemiBold||||||||&#8221; header_2_font_size=&#8221;28px&#8221; header_4_font=&#8221;Proxima Nova SemiBold||||||||&#8221; header_5_font=&#8221;Proxima Nova SemiBold||||||||&#8221; header_6_font=&#8221;Proxima Nova SemiBold||||||||&#8221; max_width=&#8221;90%&#8221; custom_margin=&#8221;|||&#8221; animation_direction=&#8221;left&#8221; hover_enabled=&#8221;0&#8243; text_font_size_tablet=&#8221;16px&#8221; text_font_size_phone=&#8221;14px&#8221; text_font_size_last_edited=&#8221;on|phone&#8221; sticky_enabled=&#8221;0&#8243;]<\/p>\n<p>\u201cArtificial intelligence (AI), blockchain and big data are essential for our business as they give us a competitive edge.\u201d We have often heard statements of this kind \u2013 and although AI, blockchain and big data do indeed have applications with huge<span>\u00a0<\/span> business potential, ultimately it all comes down to one thing: Acceptance of the newly developed technologies and solutions by the users within the company.<\/p>\n<p>[\/et_pb_text][et_pb_image src=&#8221;https:\/\/acopa.de\/en\/wp-content\/uploads\/sites\/6\/2020\/10\/AdobeStock_145963950_72dpi.jpg&#8221; alt=&#8221;CHANGE MANAGEMENT&#8221; title_text=&#8221;mann zeigt seinen kollegen etwas am computer&#8221; _builder_version=&#8221;4.6.6&#8243; _module_preset=&#8221;default&#8221; max_width=&#8221;90%&#8221; custom_margin=&#8221;|||0px|false|false&#8221;][\/et_pb_image][\/et_pb_column][et_pb_column type=&#8221;1_2&#8243; _builder_version=&#8221;3.25&#8243; custom_padding=&#8221;|||&#8221; custom_padding__hover=&#8221;|||&#8221;][et_pb_image src=&#8221;https:\/\/acopa.de\/en\/wp-content\/uploads\/sites\/6\/2020\/10\/AdobeStock_107345208_72dpi.jpg&#8221; alt=&#8221;CHANGE MANAGEMENT&#8221; title_text=&#8221;gesch\u00e4fsf\u00fchrer erkl\u00e4rt etwas am flipchart&#8221; disabled_on=&#8221;on|on|off&#8221; _builder_version=&#8221;4.6.6&#8243; _module_preset=&#8221;default&#8221; max_width=&#8221;90%&#8221; custom_margin=&#8221;30px||||false|false&#8221;][\/et_pb_image][et_pb_text _builder_version=&#8221;4.9.10&#8243; text_font=&#8221;Proxima Nova Regular||||||||&#8221; text_line_height=&#8221;1.8em&#8221; header_font=&#8221;Proxima Nova SemiBold||||||||&#8221; header_2_font_size=&#8221;28px&#8221; header_4_font=&#8221;Proxima Nova SemiBold||||||||&#8221; header_5_font=&#8221;Proxima Nova SemiBold||||||||&#8221; header_6_font=&#8221;Proxima Nova SemiBold||||||||&#8221; max_width=&#8221;90%&#8221; custom_margin=&#8221;|||&#8221; animation_direction=&#8221;left&#8221; hover_enabled=&#8221;0&#8243; text_font_size_tablet=&#8221;16px&#8221; text_font_size_phone=&#8221;14px&#8221; text_font_size_last_edited=&#8221;on|phone&#8221; sticky_enabled=&#8221;0&#8243;]<\/p>\n<p>All too often we have seen smart solutions developed but never properly rolled out. We have many years of experience in the areas of change management and user training. We can help you roll out the new solutions, put together the necessary training materials and carry out user training.<\/p>\n<p>[\/et_pb_text][\/et_pb_column][\/et_pb_row][\/et_pb_section][et_pb_section fb_built=&#8221;1&#8243; custom_padding_last_edited=&#8221;on|phone&#8221; admin_label=&#8221;Footer Section&#8221; module_id=&#8221;contact&#8221; _builder_version=&#8221;4.7.3&#8243; use_background_color_gradient=&#8221;on&#8221; background_color_gradient_start=&#8221;#cccccc&#8221; background_color_gradient_end=&#8221;#cccccc&#8221; background_image=&#8221;https:\/\/acopa.de\/en\/wp-content\/uploads\/sites\/6\/2020\/10\/AdobeStock_207775546_72.dpi_.jpg&#8221; background_position=&#8221;bottom_center&#8221; custom_margin=&#8221;0px||||false|false&#8221; custom_padding=&#8221;1px||36px||false|false&#8221; custom_padding_tablet=&#8221;1px||0px||false|false&#8221; custom_padding_phone=&#8221;1px||0px||false|false&#8221; top_divider_style=&#8221;slant2&#8243; top_divider_color=&#8221;#ffffff&#8221; background_last_edited=&#8221;on|phone&#8221; background_color_gradient_end_tablet=&#8221;#cccccc&#8221; global_module=&#8221;2050&#8243; saved_tabs=&#8221;all&#8221; background_color_gradient_end_tablet_preview_tablet=&#8221;#cccccc&#8221;][et_pb_row admin_label=&#8221;Footer Area&#8221; _builder_version=&#8221;4.6.0&#8243; custom_margin=&#8221;50px|auto|-50px|auto|false|false&#8221; custom_padding=&#8221;|||&#8221; locked=&#8221;off&#8221;][et_pb_column type=&#8221;4_4&#8243; _builder_version=&#8221;3.25&#8243; custom_padding=&#8221;|||&#8221; custom_padding__hover=&#8221;|||&#8221;][et_pb_text admin_label=&#8221;Title&#8221; _builder_version=&#8221;4.7.3&#8243; text_font=&#8221;Proxima Nova Regular||||||||&#8221; text_font_size=&#8221;18px&#8221; header_font=&#8221;||||||||&#8221; header_font_size=&#8221;21px&#8221; header_line_height=&#8221;1.2em&#8221; header_2_font=&#8221;Proxima Nova SemiBold|600||on|||||&#8221; header_2_text_color=&#8221;#606060&#8243; header_2_font_size=&#8221;30px&#8221; header_2_line_height=&#8221;1.3em&#8221; header_4_line_height=&#8221;1.5em&#8221; header_5_line_height=&#8221;1.5em&#8221; header_6_line_height=&#8221;1.5em&#8221; max_width=&#8221;880px&#8221; custom_margin=&#8221;||0px||false|false&#8221; animation_style=&#8221;slide&#8221; animation_direction=&#8221;top&#8221; animation_intensity_slide=&#8221;20%&#8221; animation_starting_opacity=&#8221;100%&#8221; header_2_font_tablet=&#8221;&#8221; header_2_font_phone=&#8221;&#8221; header_2_font_last_edited=&#8221;on|tablet&#8221; header_2_font_size_tablet=&#8221;18px&#8221; header_2_font_size_phone=&#8221;21px&#8221; header_2_font_size_last_edited=&#8221;on|phone&#8221;]<\/p>\n<h2><b><span lang=\"EN-GB\">TELL US ABOUT YOUR PROJECT<o:p><\/o:p><\/span><\/b><\/h2>\n<p>[\/et_pb_text][et_pb_divider show_divider=&#8221;off&#8221; _builder_version=&#8221;3.2&#8243; max_width=&#8221;23px&#8221; animation_style=&#8221;slide&#8221;][\/et_pb_divider][\/et_pb_column][\/et_pb_row][et_pb_row column_structure=&#8221;1_2,1_2&#8243; custom_padding_last_edited=&#8221;on|phone&#8221; admin_label=&#8221;Contact Form Area&#8221; _builder_version=&#8221;4.6.1&#8243; custom_margin_tablet=&#8221;&#8221; custom_margin_phone=&#8221;||||false|false&#8221; custom_margin_last_edited=&#8221;on|tablet&#8221; custom_padding=&#8221;0px||||false|false&#8221; custom_padding_tablet=&#8221;&#8221; custom_padding_phone=&#8221;||27px||false|false&#8221;][et_pb_column type=&#8221;1_2&#8243; _builder_version=&#8221;3.25&#8243; custom_padding=&#8221;|||&#8221; custom_padding__hover=&#8221;|||&#8221;][et_pb_contact_form use_spam_service=&#8221;on&#8221; recaptcha_list=&#8221;acopade|acopade-0&#8243; email=&#8221;info@acopa.de&#8221; submit_button_text=&#8221;send&#8221; module_id=&#8221;et_pb_contact_form_0&#8243; _builder_version=&#8221;4.8.1&#8243; form_field_background_color=&#8221;#ffffff&#8221; title_line_height=&#8221;1.5em&#8221; captcha_font=&#8221;Proxima Nova Regular||||||||&#8221; captcha_line_height=&#8221;1em&#8221; form_field_font=&#8221;Proxima Nova Regular|300|||||||&#8221; form_field_font_size=&#8221;14px&#8221; form_field_line_height=&#8221;1.2em&#8221; custom_button=&#8221;on&#8221; button_text_size=&#8221;16px&#8221; button_text_color=&#8221;#606060&#8243; button_bg_color=&#8221;rgba(0,0,0,0)&#8221; button_bg_color_gradient_start=&#8221;rgba(255,255,255,0.5)&#8221; button_bg_color_gradient_end=&#8221;rgba(255,255,255,0.5)&#8221; button_border_width=&#8221;2px&#8221; button_border_color=&#8221;#606060&#8243; button_border_radius=&#8221;5px&#8221; button_letter_spacing=&#8221;2px&#8221; button_font=&#8221;Proxima Nova Medium|600||on|||||&#8221; button_icon_color=&#8221;#606060&#8243; width_tablet=&#8221;45%&#8221; width_last_edited=&#8221;off|desktop&#8221; animation_style=&#8221;fade&#8221; form_field_font_size_tablet=&#8221;&#8221; form_field_font_size_phone=&#8221;10px&#8221; form_field_font_size_last_edited=&#8221;on|phone&#8221; button_text_size_tablet=&#8221;&#8221; button_text_size_phone=&#8221;12px&#8221; button_text_size_last_edited=&#8221;on|phone&#8221; custom_css_text_field=&#8221;resize: none;&#8221; border_width_all=&#8221;1px&#8221; border_color_all=&#8221;rgba(0,0,0,0.12)&#8221; form_background_color=&#8221;#ffffff&#8221; button_border_color__hover_enabled=&#8221;on|hover&#8221; button_letter_spacing_hover=&#8221;0&#8243;][et_pb_contact_field field_id=&#8221;Name&#8221; field_title=&#8221;Name&#8221; fullwidth_field=&#8221;on&#8221; _builder_version=&#8221;4.7.3&#8243; form_field_font=&#8221;Proxima Nova Regular||||||||&#8221; height=&#8221;10px&#8221; custom_margin=&#8221;||10px||false|false&#8221; button_text_size__hover_enabled=&#8221;off&#8221; button_one_text_size__hover_enabled=&#8221;off&#8221; button_two_text_size__hover_enabled=&#8221;off&#8221; button_text_color__hover_enabled=&#8221;off&#8221; button_one_text_color__hover_enabled=&#8221;off&#8221; button_two_text_color__hover_enabled=&#8221;off&#8221; button_border_width__hover_enabled=&#8221;off&#8221; button_one_border_width__hover_enabled=&#8221;off&#8221; button_two_border_width__hover_enabled=&#8221;off&#8221; button_border_color__hover_enabled=&#8221;off&#8221; button_one_border_color__hover_enabled=&#8221;off&#8221; button_two_border_color__hover_enabled=&#8221;off&#8221; button_border_radius__hover_enabled=&#8221;off&#8221; button_one_border_radius__hover_enabled=&#8221;off&#8221; button_two_border_radius__hover_enabled=&#8221;off&#8221; button_letter_spacing__hover_enabled=&#8221;off&#8221; button_one_letter_spacing__hover_enabled=&#8221;off&#8221; button_two_letter_spacing__hover_enabled=&#8221;off&#8221; button_bg_color__hover_enabled=&#8221;off&#8221; button_one_bg_color__hover_enabled=&#8221;off&#8221; button_two_bg_color__hover_enabled=&#8221;off&#8221;][\/et_pb_contact_field][et_pb_contact_field field_id=&#8221;Email&#8221; field_title=&#8221;Email address&#8221; field_type=&#8221;email&#8221; fullwidth_field=&#8221;on&#8221; _builder_version=&#8221;4.7.3&#8243; form_field_font=&#8221;Proxima Nova Regular||||||||&#8221; height=&#8221;10px&#8221; custom_margin=&#8221;||10px||false|false&#8221; button_text_size__hover_enabled=&#8221;off&#8221; button_one_text_size__hover_enabled=&#8221;off&#8221; button_two_text_size__hover_enabled=&#8221;off&#8221; button_text_color__hover_enabled=&#8221;off&#8221; button_one_text_color__hover_enabled=&#8221;off&#8221; button_two_text_color__hover_enabled=&#8221;off&#8221; button_border_width__hover_enabled=&#8221;off&#8221; button_one_border_width__hover_enabled=&#8221;off&#8221; button_two_border_width__hover_enabled=&#8221;off&#8221; button_border_color__hover_enabled=&#8221;off&#8221; button_one_border_color__hover_enabled=&#8221;off&#8221; button_two_border_color__hover_enabled=&#8221;off&#8221; button_border_radius__hover_enabled=&#8221;off&#8221; button_one_border_radius__hover_enabled=&#8221;off&#8221; button_two_border_radius__hover_enabled=&#8221;off&#8221; button_letter_spacing__hover_enabled=&#8221;off&#8221; button_one_letter_spacing__hover_enabled=&#8221;off&#8221; button_two_letter_spacing__hover_enabled=&#8221;off&#8221; button_bg_color__hover_enabled=&#8221;off&#8221; button_one_bg_color__hover_enabled=&#8221;off&#8221; button_two_bg_color__hover_enabled=&#8221;off&#8221;][\/et_pb_contact_field][et_pb_contact_field field_id=&#8221;Subject&#8221; field_title=&#8221;Subject&#8221; fullwidth_field=&#8221;on&#8221; _builder_version=&#8221;4.7.3&#8243; form_field_font=&#8221;Proxima Nova Regular||||||||&#8221; height=&#8221;10px&#8221; custom_margin=&#8221;||10px||false|false&#8221; button_text_size__hover_enabled=&#8221;off&#8221; button_one_text_size__hover_enabled=&#8221;off&#8221; button_two_text_size__hover_enabled=&#8221;off&#8221; button_text_color__hover_enabled=&#8221;off&#8221; button_one_text_color__hover_enabled=&#8221;off&#8221; button_two_text_color__hover_enabled=&#8221;off&#8221; button_border_width__hover_enabled=&#8221;off&#8221; button_one_border_width__hover_enabled=&#8221;off&#8221; button_two_border_width__hover_enabled=&#8221;off&#8221; button_border_color__hover_enabled=&#8221;off&#8221; button_one_border_color__hover_enabled=&#8221;off&#8221; button_two_border_color__hover_enabled=&#8221;off&#8221; button_border_radius__hover_enabled=&#8221;off&#8221; button_one_border_radius__hover_enabled=&#8221;off&#8221; button_two_border_radius__hover_enabled=&#8221;off&#8221; button_letter_spacing__hover_enabled=&#8221;off&#8221; button_one_letter_spacing__hover_enabled=&#8221;off&#8221; button_two_letter_spacing__hover_enabled=&#8221;off&#8221; button_bg_color__hover_enabled=&#8221;off&#8221; button_one_bg_color__hover_enabled=&#8221;off&#8221; button_two_bg_color__hover_enabled=&#8221;off&#8221;][\/et_pb_contact_field][et_pb_contact_field field_id=&#8221;Message&#8221; field_title=&#8221;Do you have any questions, a specific project you want to discuss or would you like more information about our services? Please get in touch! We would be happy to advise you.&#8221; field_type=&#8221;text&#8221; fullwidth_field=&#8221;on&#8221; _builder_version=&#8221;4.7.3&#8243; form_field_font=&#8221;Proxima Nova Regular||||||||&#8221; height=&#8221;100px&#8221; max_height=&#8221;100px&#8221; button_text_size__hover_enabled=&#8221;off&#8221; button_one_text_size__hover_enabled=&#8221;off&#8221; button_two_text_size__hover_enabled=&#8221;off&#8221; button_text_color__hover_enabled=&#8221;off&#8221; button_one_text_color__hover_enabled=&#8221;off&#8221; button_two_text_color__hover_enabled=&#8221;off&#8221; button_border_width__hover_enabled=&#8221;off&#8221; button_one_border_width__hover_enabled=&#8221;off&#8221; button_two_border_width__hover_enabled=&#8221;off&#8221; button_border_color__hover_enabled=&#8221;off&#8221; button_one_border_color__hover_enabled=&#8221;off&#8221; button_two_border_color__hover_enabled=&#8221;off&#8221; button_border_radius__hover_enabled=&#8221;off&#8221; button_one_border_radius__hover_enabled=&#8221;off&#8221; button_two_border_radius__hover_enabled=&#8221;off&#8221; button_letter_spacing__hover_enabled=&#8221;off&#8221; button_one_letter_spacing__hover_enabled=&#8221;off&#8221; button_two_letter_spacing__hover_enabled=&#8221;off&#8221; button_bg_color__hover_enabled=&#8221;off&#8221; button_one_bg_color__hover_enabled=&#8221;off&#8221; button_two_bg_color__hover_enabled=&#8221;off&#8221;][\/et_pb_contact_field][\/et_pb_contact_form][\/et_pb_column][et_pb_column type=&#8221;1_2&#8243; _builder_version=&#8221;3.25&#8243; custom_padding=&#8221;|||&#8221; custom_padding__hover=&#8221;|||&#8221;][et_pb_text _builder_version=&#8221;4.6.6&#8243; _module_preset=&#8221;default&#8221;]<\/p>\n<p><img loading=\"lazy\" decoding=\"async\" src=\"https:\/\/acopa.de\/en\/wp-content\/uploads\/sites\/6\/2020\/10\/ACOPA-Logo-.png\" width=\"299\" height=\"83\" alt=\"ACOPA Logo\" class=\"wp-image-2773 size-full\" srcset=\"https:\/\/acopa.de\/en\/wp-content\/uploads\/sites\/6\/2020\/10\/ACOPA-Logo-.png 1979w, https:\/\/acopa.de\/en\/wp-content\/uploads\/sites\/6\/2020\/10\/ACOPA-Logo--1024x289.png 1024w, https:\/\/acopa.de\/en\/wp-content\/uploads\/sites\/6\/2020\/10\/ACOPA-Logo--768x217.png 768w, https:\/\/acopa.de\/en\/wp-content\/uploads\/sites\/6\/2020\/10\/ACOPA-Logo--1536x433.png 1536w, https:\/\/acopa.de\/en\/wp-content\/uploads\/sites\/6\/2020\/10\/ACOPA-Logo--610x172.png 610w, https:\/\/acopa.de\/en\/wp-content\/uploads\/sites\/6\/2020\/10\/ACOPA-Logo--1080x305.png 1080w, https:\/\/acopa.de\/en\/wp-content\/uploads\/sites\/6\/2020\/10\/ACOPA-Logo--1280x361.png 1280w, https:\/\/acopa.de\/en\/wp-content\/uploads\/sites\/6\/2020\/10\/ACOPA-Logo--980x276.png 980w, https:\/\/acopa.de\/en\/wp-content\/uploads\/sites\/6\/2020\/10\/ACOPA-Logo--480x135.png 480w\" sizes=\"(max-width: 299px) 100vw, 299px\" \/>\u00a0<\/p>\n<p>[\/et_pb_text][et_pb_blurb url=&#8221;https:\/\/www.google.com\/maps\/dir\/\/Bismarckstra\u00dfe+11,+42115+Wuppertal\/@51.2513708,7.0904092,13z\/data=!3m1!4b1!4m8!4m7!1m0!1m5!1m1!1s0x47b8d6fed672440d:0x98190a3ec5b4e1b1!2m2!1d7.1255143!2d51.2513223&#8243; url_new_window=&#8221;on&#8221; use_icon=&#8221;on&#8221; font_icon=&#8221;%%122%%&#8221; icon_color=&#8221;#898989&#8243; icon_placement=&#8221;left&#8221; use_icon_font_size=&#8221;on&#8221; icon_font_size=&#8221;30px&#8221; icon_alignment_tablet=&#8221;right&#8221; icon_alignment_phone=&#8221;&#8221; icon_alignment_last_edited=&#8221;on|tablet&#8221; icon_font_size_tablet=&#8221;&#8221; icon_font_size_phone=&#8221;20px&#8221; icon_font_size_last_edited=&#8221;on|tablet&#8221; _builder_version=&#8221;4.7.3&#8243; header_font=&#8221;Proxima Nova SemiBold|600|||||||&#8221; header_font_size=&#8221;20px&#8221; header_line_height=&#8221;1.5em&#8221; body_font=&#8221;Proxima Nova Regular||||||||&#8221; body_text_color=&#8221;#878787&#8243; body_line_height=&#8221;1.2em&#8221; body_link_font=&#8221;Proxima Nova Regular||||||||&#8221; body_link_font_size=&#8221;18px&#8221; body_ul_font=&#8221;Proxima Nova Regular||||||||&#8221; body_ul_font_size=&#8221;18px&#8221; body_ol_font=&#8221;Proxima Nova Regular||||||||&#8221; body_ol_font_size=&#8221;18px&#8221; body_quote_font=&#8221;Proxima Nova Regular||||||||&#8221; body_quote_font_size=&#8221;18px&#8221; transform_scale_last_edited=&#8221;off|desktop&#8221; transform_translate_tablet=&#8221;300px|-300px&#8221; transform_translate_phone=&#8221;220px|-300px&#8221; transform_translate_last_edited=&#8221;off|desktop&#8221; transform_translate_linked_tablet=&#8221;off&#8221; transform_translate_linked_phone=&#8221;off&#8221; transform_rotate_last_edited=&#8221;off|desktop&#8221; transform_skew_last_edited=&#8221;off|desktop&#8221; transform_origin_last_edited=&#8221;off|desktop&#8221; transform_styles_last_edited=&#8221;off|desktop&#8221; custom_margin=&#8221;|||40px|false|false&#8221; custom_margin_tablet=&#8221;-25px||30px|15px|false|false&#8221; custom_margin_phone=&#8221;||45px|40px|false|false&#8221; custom_margin_last_edited=&#8221;on|phone&#8221; custom_padding_tablet=&#8221;&#8221; custom_padding_phone=&#8221;|||0px|false|false&#8221; custom_padding_last_edited=&#8221;on|phone&#8221; animation_style=&#8221;zoom&#8221; animation_direction=&#8221;bottom&#8221; animation_delay=&#8221;200ms&#8221; animation_intensity_zoom=&#8221;20%&#8221; animation_starting_opacity=&#8221;100%&#8221; body_font_size_tablet=&#8221;16px&#8221; body_font_size_phone=&#8221;15px&#8221; body_font_size_last_edited=&#8221;on|phone&#8221; module_alignment_last_edited=&#8221;off|desktop&#8221; locked=&#8221;off&#8221; icon_color__hover_enabled=&#8221;on|hover&#8221; icon_color__hover=&#8221;#bbd406&#8243; header_text_color__hover_enabled=&#8221;on|hover&#8221; header_text_color__hover=&#8221;#bbd406&#8243;]<\/p>\n<p>Bismarckstra\u00dfe 11<br \/> 42115 Wuppertal<\/p>\n<p>+49 (0)202 7053 533<\/p>\n<p>[\/et_pb_blurb][\/et_pb_column][\/et_pb_row][\/et_pb_section]<\/p>\n","protected":false},"excerpt":{"rendered":"<p>CHANGE MANAGEMENT &#038; USER TRAINING<br \/>\nWIR SORGEN DAF\u00dcR, DASS IHRE USER OPTIMAL AUF DIE NEUEN PROZESSE &#038; APPLIKATIONEN GESCHULT SIND<\/p>\n","protected":false},"author":1,"featured_media":1789,"parent":0,"menu_order":0,"comment_status":"closed","ping_status":"closed","template":"","meta":{"_et_pb_use_builder":"on","_et_pb_old_content":"","_et_gb_content_width":"","footnotes":""},"class_list":["post-907","page","type-page","status-publish","has-post-thumbnail","hentry"],"_links":{"self":[{"href":"https:\/\/acopa.de\/en\/wp-json\/wp\/v2\/pages\/907","targetHints":{"allow":["GET"]}}],"collection":[{"href":"https:\/\/acopa.de\/en\/wp-json\/wp\/v2\/pages"}],"about":[{"href":"https:\/\/acopa.de\/en\/wp-json\/wp\/v2\/types\/page"}],"author":[{"embeddable":true,"href":"https:\/\/acopa.de\/en\/wp-json\/wp\/v2\/users\/1"}],"replies":[{"embeddable":true,"href":"https:\/\/acopa.de\/en\/wp-json\/wp\/v2\/comments?post=907"}],"version-history":[{"count":20,"href":"https:\/\/acopa.de\/en\/wp-json\/wp\/v2\/pages\/907\/revisions"}],"predecessor-version":[{"id":4450,"href":"https:\/\/acopa.de\/en\/wp-json\/wp\/v2\/pages\/907\/revisions\/4450"}],"wp:featuredmedia":[{"embeddable":true,"href":"https:\/\/acopa.de\/en\/wp-json\/wp\/v2\/media\/1789"}],"wp:attachment":[{"href":"https:\/\/acopa.de\/en\/wp-json\/wp\/v2\/media?parent=907"}],"curies":[{"name":"wp","href":"https:\/\/api.w.org\/{rel}","templated":true}]}}