{"id":907,"date":"2020-08-25T13:30:28","date_gmt":"2020-08-25T11:30:28","guid":{"rendered":"http:\/\/192.181.0.88\/de\/?page_id=907"},"modified":"2021-09-07T13:06:25","modified_gmt":"2021-09-07T11:06:25","slug":"change-management-user-training","status":"publish","type":"page","link":"https:\/\/acopa.de\/de\/change-management-user-training\/","title":{"rendered":"Change Management"},"content":{"rendered":"<p>[et_pb_section fb_built=&#8220;1&#8243; next_background_color=&#8220;#ffffff&#8220; admin_label=&#8220;Hero Section&#8220; _builder_version=&#8220;4.6.5&#8243; use_background_color_gradient=&#8220;on&#8220; background_color_gradient_start=&#8220;rgba(0,0,0,0.4)&#8220; background_color_gradient_end=&#8220;rgba(0,0,0,0.4)&#8220; background_color_gradient_overlays_image=&#8220;on&#8220; background_image=&#8220;https:\/\/acopa.de\/de\/wp-content\/uploads\/sites\/4\/2020\/10\/AdobeStock_208374188_72dpi.jpg&#8220; background_blend=&#8220;multiply&#8220; custom_padding=&#8220;6%||6%||true|&#8220; bottom_divider_style=&#8220;slant&#8220; bottom_divider_height=&#8220;60px&#8220; background_color_gradient_direction__hover=&#8220;180deg&#8220; background_color_gradient_direction__hover_enabled=&#8220;180deg&#8220; background_color_gradient_start_position__hover=&#8220;0%&#8220; background_color_gradient_start_position__hover_enabled=&#8220;0%&#8220; background_color_gradient_end_position__hover=&#8220;100%&#8220; background_color_gradient_end_position__hover_enabled=&#8220;100%&#8220;][et_pb_row _builder_version=&#8220;4.6.0&#8243; _module_preset=&#8220;default&#8220;][et_pb_column type=&#8220;4_4&#8243; _builder_version=&#8220;4.6.0&#8243; _module_preset=&#8220;default&#8220;][et_pb_text _builder_version=&#8220;4.7.1&#8243; _module_preset=&#8220;default&#8220; text_font=&#8220;Proxima Nova Regular|300|||||||&#8220; text_text_color=&#8220;#ffffff&#8220; header_font=&#8220;Proxima Nova SemiBold|700|||||||&#8220; header_text_align=&#8220;center&#8220; header_text_color=&#8220;#ffffff&#8220; header_font_size=&#8220;36px&#8220; header_2_font=&#8220;Proxima Nova SemiBold|700|||||||&#8220; header_2_text_color=&#8220;#bbd406&#8243; header_2_font_size=&#8220;30px&#8220; header_2_line_height=&#8220;1em&#8220; header_3_font=&#8220;Proxima Nova Regular|300||on|||||&#8220; header_3_text_color=&#8220;#878787&#8243; header_3_font_size=&#8220;18px&#8220; header_3_line_height=&#8220;0.1em&#8220; header_5_font=&#8220;Proxima Nova Regular|300|||||||&#8220; header_5_text_color=&#8220;#878787&#8243; header_5_line_height=&#8220;1.5em&#8220; max_width=&#8220;none&#8220; header_font_size_tablet=&#8220;&#8220; header_font_size_phone=&#8220;24px&#8220; header_font_size_last_edited=&#8220;on|phone&#8220; header_line_height_tablet=&#8220;&#8220; header_line_height_phone=&#8220;1.3em&#8220; header_line_height_last_edited=&#8220;on|phone&#8220; header_2_font_size_tablet=&#8220;&#8220; header_2_font_size_phone=&#8220;28px&#8220; header_2_font_size_last_edited=&#8220;on|desktop&#8220; header_5_font_size_tablet=&#8220;&#8220; header_5_font_size_phone=&#8220;14px&#8220; header_5_font_size_last_edited=&#8220;on|phone&#8220;]<\/p>\n<h1><span class=\"NormalTextRun ContextualSpellingAndGrammarErrorV2  BCX9 DefaultHighlightTransition GrammarErrorHighlight SCXW244910091\">Change Management<\/span><span class=\"NormalTextRun  BCX9 SCXW244910091\"><span>\u00a0<\/span>&amp; User Training<\/span><\/h1>\n<p style=\"text-align: center;\"><span data-contrast=\"auto\" class=\"TextRun MacChromeBold  BCX9 SCXW244910091\" xml:lang=\"DE-DE\" lang=\"DE-DE\"><span class=\"NormalTextRun  BCX9 SCXW244910091\">Wir sorgen da<\/span><\/span><span data-contrast=\"auto\" class=\"TextRun MacChromeBold  BCX9 SCXW244910091\" xml:lang=\"DE-DE\" lang=\"DE-DE\"><span class=\"NormalTextRun  BCX9 SCXW244910091\">f\u00fcr, dass Ihre User optimal auf die neuen Prozesse &amp; Applikationen geschult sind<\/span><\/span><\/p>\n<p>[\/et_pb_text][\/et_pb_column][\/et_pb_row][\/et_pb_section][et_pb_section fb_built=&#8220;1&#8243; custom_padding_last_edited=&#8220;on|phone&#8220; disabled_on=&#8220;off|off|off&#8220; admin_label=&#8220;Featured Project&#8220; _builder_version=&#8220;4.7.1&#8243; custom_margin_tablet=&#8220;&#8220; custom_margin_phone=&#8220;||30px||false|false&#8220; custom_margin_last_edited=&#8220;on|phone&#8220; custom_padding=&#8220;50px||50px||false|false&#8220; custom_padding_tablet=&#8220;0px||0px||true|false&#8220; custom_padding_phone=&#8220;&#8220;][et_pb_row _builder_version=&#8220;4.6.0&#8243; _module_preset=&#8220;default&#8220;][et_pb_column type=&#8220;4_4&#8243; _builder_version=&#8220;4.6.0&#8243; _module_preset=&#8220;default&#8220;][et_pb_text _builder_version=&#8220;4.7.1&#8243; _module_preset=&#8220;default&#8220; text_font=&#8220;Proxima Nova Regular|300|||||||&#8220; header_2_font=&#8220;Proxima Nova SemiBold|700|||||||&#8220; header_2_text_color=&#8220;#bbd406&#8243; header_2_font_size=&#8220;30px&#8220; header_2_line_height=&#8220;1.5em&#8220; header_3_font=&#8220;Proxima Nova Regular|300||on|||||&#8220; header_3_text_color=&#8220;#878787&#8243; header_3_font_size=&#8220;18px&#8220; header_3_line_height=&#8220;0.1em&#8220; header_5_font=&#8220;Proxima Nova Regular|300|||||||&#8220; header_5_text_color=&#8220;#878787&#8243; header_5_line_height=&#8220;1.5em&#8220; max_width=&#8220;none&#8220; header_2_font_size_tablet=&#8220;&#8220; header_2_font_size_phone=&#8220;21px&#8220; header_2_font_size_last_edited=&#8220;on|phone&#8220; header_5_font_size_tablet=&#8220;&#8220; header_5_font_size_phone=&#8220;14px&#8220; header_5_font_size_last_edited=&#8220;on|phone&#8220;]<\/p>\n<h2><span class=\"EOP SCXW70210675 BCX9\" data-ccp-props=\"{&quot;201341983&quot;:0,&quot;335559738&quot;:100,&quot;335559739&quot;:200,&quot;335559740&quot;:276}\"><span class=\"NormalTextRun  BCX9 SCXW173890056\" data-ccp-parastyle=\"ACOPA \u00dcberschrift 1\"><span data-contrast=\"auto\" class=\"TextRun MacChromeBold  BCX9 SCXW257107853\" xml:lang=\"DE-DE\" lang=\"DE-DE\"><span class=\"NormalTextRun  BCX9 SCXW257107853\"><span><span class=\"NormalTextRun ContextualSpellingAndGrammarErrorV2  BCX9 DefaultHighlightTransition GrammarErrorHighlight SCXW107998299\">Change Management<\/span><span class=\"NormalTextRun  BCX9 SCXW107998299\">\u00a0&amp; User Training\u00a0<\/span> <\/span><\/span><\/span><\/span><br \/> <\/span><\/h2>\n<h5><span data-contrast=\"auto\" class=\"TextRun MacChromeBold  BCX9 SCXW244910091\" xml:lang=\"DE-DE\" lang=\"DE-DE\"><span class=\"NormalTextRun  BCX9 SCXW244910091\">wir sorgen da<\/span><\/span><span data-contrast=\"auto\" class=\"TextRun MacChromeBold  BCX9 SCXW244910091\" xml:lang=\"DE-DE\" lang=\"DE-DE\"><span class=\"NormalTextRun  BCX9 SCXW244910091\">f\u00fcr, dass Ihre User optimal auf die neuen Prozesse &amp; Applikationen geschult sind<\/span><\/span><\/h5>\n<p>[\/et_pb_text][\/et_pb_column][\/et_pb_row][et_pb_row column_structure=&#8220;1_2,1_2&#8243; custom_padding_last_edited=&#8220;on|desktop&#8220; admin_label=&#8220;Featured Project&#8220; _builder_version=&#8220;4.9.10&#8243; custom_margin=&#8220;0px||0px||false|false&#8220; custom_margin_tablet=&#8220;-10px||15px||false|false&#8220; custom_margin_phone=&#8220;-30px||||false|false&#8220; custom_margin_last_edited=&#8220;on|phone&#8220; custom_padding=&#8220;0px||0px||false|false&#8220; custom_padding_tablet=&#8220;&#8220; custom_padding_phone=&#8220;&#8220; hover_enabled=&#8220;0&#8243; animation_style=&#8220;fade&#8220; sticky_enabled=&#8220;0&#8243;][et_pb_column type=&#8220;1_2&#8243; _builder_version=&#8220;4.6.0&#8243; custom_padding=&#8220;|||&#8220; custom_padding__hover=&#8220;|||&#8220;][et_pb_divider show_divider=&#8220;off&#8220; _builder_version=&#8220;3.2&#8243; max_width=&#8220;23px&#8220; module_alignment=&#8220;left&#8220; animation_style=&#8220;slide&#8220; animation_intensity_slide=&#8220;20%&#8220; animation_starting_opacity=&#8220;100%&#8220; locked=&#8220;off&#8220;][\/et_pb_divider][et_pb_text _builder_version=&#8220;4.9.10&#8243; text_font=&#8220;Proxima Nova Regular||||||||&#8220; text_line_height=&#8220;1.8em&#8220; header_font=&#8220;Proxima Nova SemiBold||||||||&#8220; header_2_font_size=&#8220;28px&#8220; header_4_font=&#8220;Proxima Nova SemiBold||||||||&#8220; header_5_font=&#8220;Proxima Nova SemiBold||||||||&#8220; header_6_font=&#8220;Proxima Nova SemiBold||||||||&#8220; max_width=&#8220;90%&#8220; custom_margin=&#8220;|||&#8220; animation_direction=&#8220;left&#8220; hover_enabled=&#8220;0&#8243; text_font_size_tablet=&#8220;16px&#8220; text_font_size_phone=&#8220;14px&#8220; text_font_size_last_edited=&#8220;on|phone&#8220; sticky_enabled=&#8220;0&#8243;]<\/p>\n<p>\u201eWir brauchen unbedingt K\u00fcnstliche Intelligenz (KI), Blockchain und Big Data in unserem Unternehmen, denn dann haben wir einen Wettbewerbsvorteil.\u201c Aussagen wie diese haben wir schon oft geh\u00f6rt \u2013 und obwohl KI, Blockchain und Big Data Anwendungsf\u00e4lle mit enormem Gesch\u00e4ftspotenzial darstellen k\u00f6nnen, so kommt es am Ende doch vor allem auf eines an: Die Akzeptanz der entwickelten Technologien und L\u00f6sungen bei den Anwendern im Unternehmen.<\/p>\n<p>[\/et_pb_text][et_pb_image src=&#8220;https:\/\/acopa.de\/de\/wp-content\/uploads\/sites\/4\/2020\/10\/AdobeStock_145963950_72dpi.jpg&#8220; alt=&#8220;CHANGE MANAGEMENT&#8220; title_text=&#8220;mann zeigt seinen kollegen etwas am computer&#8220; _builder_version=&#8220;4.6.6&#8243; _module_preset=&#8220;default&#8220; max_width=&#8220;90%&#8220; custom_margin=&#8220;|||0px|false|false&#8220;][\/et_pb_image][\/et_pb_column][et_pb_column type=&#8220;1_2&#8243; _builder_version=&#8220;3.25&#8243; custom_padding=&#8220;|||&#8220; custom_padding__hover=&#8220;|||&#8220;][et_pb_image src=&#8220;https:\/\/acopa.de\/de\/wp-content\/uploads\/sites\/4\/2020\/10\/AdobeStock_107345208_72dpi.jpg&#8220; alt=&#8220;CHANGE MANAGEMENT&#8220; title_text=&#8220;gesch\u00e4fsf\u00fchrer erkl\u00e4rt etwas am flipchart&#8220; disabled_on=&#8220;on|on|off&#8220; _builder_version=&#8220;4.6.6&#8243; _module_preset=&#8220;default&#8220; max_width=&#8220;90%&#8220; custom_margin=&#8220;30px||||false|false&#8220;][\/et_pb_image][et_pb_text _builder_version=&#8220;4.9.10&#8243; text_font=&#8220;Proxima Nova Regular||||||||&#8220; text_line_height=&#8220;1.8em&#8220; header_font=&#8220;Proxima Nova SemiBold||||||||&#8220; header_2_font_size=&#8220;28px&#8220; header_4_font=&#8220;Proxima Nova SemiBold||||||||&#8220; header_5_font=&#8220;Proxima Nova SemiBold||||||||&#8220; header_6_font=&#8220;Proxima Nova SemiBold||||||||&#8220; max_width=&#8220;90%&#8220; custom_margin=&#8220;|||&#8220; animation_direction=&#8220;left&#8220; hover_enabled=&#8220;0&#8243; text_font_size_tablet=&#8220;16px&#8220; text_font_size_phone=&#8220;14px&#8220; text_font_size_last_edited=&#8220;on|phone&#8220; sticky_enabled=&#8220;0&#8243;]<\/p>\n<p>Zu oft haben wir bereits die Erfahrung gemacht, dass smarte L\u00f6sungen entwickelt wurden, diese aber nicht smart ausgerollt wurden. Mit unserer langj\u00e4hrigen Erfahrung im Bereich Change Management &amp; User Training helfen wir Ihnen selbstverst\u00e4ndlich beim Rollout der entwickelten L\u00f6sungen, stellen Schulungsunterlagen zusammen und f\u00fchren Anwenderschulungen durch.<\/p>\n<p>[\/et_pb_text][\/et_pb_column][\/et_pb_row][\/et_pb_section][et_pb_section fb_built=&#8220;1&#8243; custom_padding_last_edited=&#8220;on|phone&#8220; admin_label=&#8220;Footer Section&#8220; module_id=&#8220;kontakt&#8220; _builder_version=&#8220;4.6.5&#8243; use_background_color_gradient=&#8220;on&#8220; background_color_gradient_start=&#8220;#cccccc&#8220; background_color_gradient_end=&#8220;#cccccc&#8220; background_image=&#8220;https:\/\/acopa.de\/de\/wp-content\/uploads\/sites\/4\/2020\/10\/AdobeStock_207775546_72.dpi_.jpg&#8220; background_position=&#8220;bottom_center&#8220; custom_margin=&#8220;0px||||false|false&#8220; custom_padding=&#8220;1px||36px||false|false&#8220; custom_padding_tablet=&#8220;1px||0px||false|false&#8220; custom_padding_phone=&#8220;1px||0px||false|false&#8220; top_divider_style=&#8220;slant2&#8243; top_divider_color=&#8220;#ffffff&#8220; background_last_edited=&#8220;on|phone&#8220; background_color_gradient_end_tablet=&#8220;#cccccc&#8220; global_module=&#8220;2050&#8243; saved_tabs=&#8220;all&#8220; background_color_gradient_end_tablet_preview_tablet=&#8220;#cccccc&#8220;][et_pb_row admin_label=&#8220;Footer Area&#8220; _builder_version=&#8220;4.6.0&#8243; custom_margin=&#8220;50px|auto|-50px|auto|false|false&#8220; custom_padding=&#8220;|||&#8220; locked=&#8220;off&#8220;][et_pb_column type=&#8220;4_4&#8243; _builder_version=&#8220;3.25&#8243; custom_padding=&#8220;|||&#8220; custom_padding__hover=&#8220;|||&#8220;][et_pb_text admin_label=&#8220;Title&#8220; _builder_version=&#8220;4.9.5&#8243; text_font=&#8220;Proxima Nova Regular||||||||&#8220; text_font_size=&#8220;18px&#8220; header_font=&#8220;||||||||&#8220; header_font_size=&#8220;21px&#8220; header_line_height=&#8220;1.2em&#8220; header_2_font=&#8220;Proxima Nova SemiBold|600||on|||||&#8220; header_2_text_color=&#8220;#606060&#8243; header_2_font_size=&#8220;30px&#8220; header_2_line_height=&#8220;1.3em&#8220; header_4_line_height=&#8220;1.5em&#8220; header_5_line_height=&#8220;1.5em&#8220; header_6_line_height=&#8220;1.5em&#8220; max_width=&#8220;880px&#8220; custom_margin=&#8220;||0px||false|false&#8220; animation_style=&#8220;slide&#8220; animation_direction=&#8220;top&#8220; animation_intensity_slide=&#8220;20%&#8220; animation_starting_opacity=&#8220;100%&#8220; header_2_font_tablet=&#8220;&#8220; header_2_font_phone=&#8220;&#8220; header_2_font_last_edited=&#8220;on|tablet&#8220; header_2_font_size_tablet=&#8220;18px&#8220; header_2_font_size_phone=&#8220;21px&#8220; header_2_font_size_last_edited=&#8220;on|phone&#8220;]<\/p>\n<h2>ERZ\u00c4HLEN SIE UNS VON IHREM PROJEKT<\/h2>\n<p>[\/et_pb_text][et_pb_divider show_divider=&#8220;off&#8220; _builder_version=&#8220;3.2&#8243; max_width=&#8220;23px&#8220; animation_style=&#8220;slide&#8220;][\/et_pb_divider][\/et_pb_column][\/et_pb_row][et_pb_row column_structure=&#8220;1_2,1_2&#8243; custom_padding_last_edited=&#8220;on|phone&#8220; admin_label=&#8220;Contact Form Area&#8220; _builder_version=&#8220;4.6.1&#8243; custom_margin_tablet=&#8220;&#8220; custom_margin_phone=&#8220;||||false|false&#8220; custom_margin_last_edited=&#8220;on|tablet&#8220; custom_padding=&#8220;0px||||false|false&#8220; custom_padding_tablet=&#8220;&#8220; custom_padding_phone=&#8220;||27px||false|false&#8220;][et_pb_column type=&#8220;1_2&#8243; _builder_version=&#8220;3.25&#8243; custom_padding=&#8220;|||&#8220; custom_padding__hover=&#8220;|||&#8220;][et_pb_contact_form use_spam_service=&#8220;on&#8220; recaptcha_list=&#8220;acopade|acopade-0&#8243; recaptcha_min_score=&#8220;1&#8243; email=&#8220;info@acopa.de&#8220; success_message=&#8220;VIelen Dank f\u00fcr Ihre Nachricht! Wir werden uns in K\u00fcrze bei Ihnen melden!&#8220; submit_button_text=&#8220;senden&#8220; module_id=&#8220;et_pb_contact_form_0&#8243; _builder_version=&#8220;4.9.5&#8243; form_field_background_color=&#8220;#ffffff&#8220; title_line_height=&#8220;1.5em&#8220; captcha_font=&#8220;Proxima Nova Regular||||||||&#8220; captcha_letter_spacing=&#8220;1px&#8220; captcha_line_height=&#8220;1em&#8220; form_field_font=&#8220;Proxima Nova Regular|300|||||||&#8220; form_field_font_size=&#8220;14px&#8220; form_field_line_height=&#8220;1.2em&#8220; custom_button=&#8220;on&#8220; button_text_size=&#8220;16px&#8220; button_text_color=&#8220;#606060&#8243; button_bg_color=&#8220;rgba(0,0,0,0)&#8220; button_bg_color_gradient_start=&#8220;rgba(255,255,255,0.5)&#8220; button_bg_color_gradient_end=&#8220;rgba(255,255,255,0.5)&#8220; button_border_width=&#8220;2px&#8220; button_border_color=&#8220;#606060&#8243; button_border_radius=&#8220;5px&#8220; button_letter_spacing=&#8220;2px&#8220; button_font=&#8220;Proxima Nova Medium|600||on|||||&#8220; button_icon_color=&#8220;#606060&#8243; button_custom_margin=&#8220;||||false|false&#8220; width_tablet=&#8220;45%&#8220; width_last_edited=&#8220;off|desktop&#8220; animation_style=&#8220;fade&#8220; form_field_font_size_tablet=&#8220;&#8220; form_field_font_size_phone=&#8220;10px&#8220; form_field_font_size_last_edited=&#8220;on|phone&#8220; button_text_size_tablet=&#8220;&#8220; button_text_size_phone=&#8220;12px&#8220; button_text_size_last_edited=&#8220;on|phone&#8220; custom_css_text_field=&#8220;resize: none;&#8220; border_width_all=&#8220;1px&#8220; border_color_all=&#8220;rgba(0,0,0,0.12)&#8220; form_background_color=&#8220;#ffffff&#8220; button_border_color__hover_enabled=&#8220;on|hover&#8220; button_letter_spacing_hover=&#8220;0&#8243;][et_pb_contact_field field_id=&#8220;Name&#8220; field_title=&#8220;Name&#8220; fullwidth_field=&#8220;on&#8220; _builder_version=&#8220;4.6.5&#8243; form_field_font=&#8220;Proxima Nova Regular||||||||&#8220; height=&#8220;10px&#8220; custom_margin=&#8220;||10px||false|false&#8220; button_text_size__hover_enabled=&#8220;off&#8220; button_one_text_size__hover_enabled=&#8220;off&#8220; button_two_text_size__hover_enabled=&#8220;off&#8220; button_text_color__hover_enabled=&#8220;off&#8220; button_one_text_color__hover_enabled=&#8220;off&#8220; button_two_text_color__hover_enabled=&#8220;off&#8220; button_border_width__hover_enabled=&#8220;off&#8220; button_one_border_width__hover_enabled=&#8220;off&#8220; button_two_border_width__hover_enabled=&#8220;off&#8220; button_border_color__hover_enabled=&#8220;off&#8220; button_one_border_color__hover_enabled=&#8220;off&#8220; button_two_border_color__hover_enabled=&#8220;off&#8220; button_border_radius__hover_enabled=&#8220;off&#8220; button_one_border_radius__hover_enabled=&#8220;off&#8220; button_two_border_radius__hover_enabled=&#8220;off&#8220; button_letter_spacing__hover_enabled=&#8220;off&#8220; button_one_letter_spacing__hover_enabled=&#8220;off&#8220; button_two_letter_spacing__hover_enabled=&#8220;off&#8220; button_bg_color__hover_enabled=&#8220;off&#8220; button_one_bg_color__hover_enabled=&#8220;off&#8220; button_two_bg_color__hover_enabled=&#8220;off&#8220;][\/et_pb_contact_field][et_pb_contact_field field_id=&#8220;Email&#8220; field_title=&#8220;Email Addresse&#8220; field_type=&#8220;email&#8220; fullwidth_field=&#8220;on&#8220; _builder_version=&#8220;4.6.5&#8243; form_field_font=&#8220;Proxima Nova Regular||||||||&#8220; height=&#8220;10px&#8220; custom_margin=&#8220;||10px||false|false&#8220; button_text_size__hover_enabled=&#8220;off&#8220; button_one_text_size__hover_enabled=&#8220;off&#8220; button_two_text_size__hover_enabled=&#8220;off&#8220; button_text_color__hover_enabled=&#8220;off&#8220; button_one_text_color__hover_enabled=&#8220;off&#8220; button_two_text_color__hover_enabled=&#8220;off&#8220; button_border_width__hover_enabled=&#8220;off&#8220; button_one_border_width__hover_enabled=&#8220;off&#8220; button_two_border_width__hover_enabled=&#8220;off&#8220; button_border_color__hover_enabled=&#8220;off&#8220; button_one_border_color__hover_enabled=&#8220;off&#8220; button_two_border_color__hover_enabled=&#8220;off&#8220; button_border_radius__hover_enabled=&#8220;off&#8220; button_one_border_radius__hover_enabled=&#8220;off&#8220; button_two_border_radius__hover_enabled=&#8220;off&#8220; button_letter_spacing__hover_enabled=&#8220;off&#8220; button_one_letter_spacing__hover_enabled=&#8220;off&#8220; button_two_letter_spacing__hover_enabled=&#8220;off&#8220; button_bg_color__hover_enabled=&#8220;off&#8220; button_one_bg_color__hover_enabled=&#8220;off&#8220; button_two_bg_color__hover_enabled=&#8220;off&#8220;][\/et_pb_contact_field][et_pb_contact_field field_id=&#8220;Subject&#8220; field_title=&#8220;Betreff&#8220; fullwidth_field=&#8220;on&#8220; _builder_version=&#8220;4.9.5&#8243; form_field_font=&#8220;Proxima Nova Regular||||||||&#8220; height=&#8220;10px&#8220; custom_margin=&#8220;||10px||false|false&#8220; button_text_size__hover_enabled=&#8220;off&#8220; button_one_text_size__hover_enabled=&#8220;off&#8220; button_two_text_size__hover_enabled=&#8220;off&#8220; button_text_color__hover_enabled=&#8220;off&#8220; button_one_text_color__hover_enabled=&#8220;off&#8220; button_two_text_color__hover_enabled=&#8220;off&#8220; button_border_width__hover_enabled=&#8220;off&#8220; button_one_border_width__hover_enabled=&#8220;off&#8220; button_two_border_width__hover_enabled=&#8220;off&#8220; button_border_color__hover_enabled=&#8220;off&#8220; button_one_border_color__hover_enabled=&#8220;off&#8220; button_two_border_color__hover_enabled=&#8220;off&#8220; button_border_radius__hover_enabled=&#8220;off&#8220; button_one_border_radius__hover_enabled=&#8220;off&#8220; button_two_border_radius__hover_enabled=&#8220;off&#8220; button_letter_spacing__hover_enabled=&#8220;off&#8220; button_one_letter_spacing__hover_enabled=&#8220;off&#8220; button_two_letter_spacing__hover_enabled=&#8220;off&#8220; button_bg_color__hover_enabled=&#8220;off&#8220; button_one_bg_color__hover_enabled=&#8220;off&#8220; button_two_bg_color__hover_enabled=&#8220;off&#8220;][\/et_pb_contact_field][et_pb_contact_field field_id=&#8220;Message&#8220; field_title=&#8220;Sie haben eine Frage oder k\u00f6nnen sich eine Zusammenarbeit mit uns vorstellen? Schreiben Sie uns jetzt unverbindlich eine Nachricht!&#8220; field_type=&#8220;text&#8220; fullwidth_field=&#8220;on&#8220; _builder_version=&#8220;4.9.5&#8243; form_field_font=&#8220;Proxima Nova Regular||||||||&#8220; height=&#8220;100px&#8220; max_height=&#8220;100px&#8220; custom_css_before=&#8220;resize: none;&#8220; button_text_size__hover_enabled=&#8220;off&#8220; button_one_text_size__hover_enabled=&#8220;off&#8220; button_two_text_size__hover_enabled=&#8220;off&#8220; button_text_color__hover_enabled=&#8220;off&#8220; button_one_text_color__hover_enabled=&#8220;off&#8220; button_two_text_color__hover_enabled=&#8220;off&#8220; button_border_width__hover_enabled=&#8220;off&#8220; button_one_border_width__hover_enabled=&#8220;off&#8220; button_two_border_width__hover_enabled=&#8220;off&#8220; button_border_color__hover_enabled=&#8220;off&#8220; button_one_border_color__hover_enabled=&#8220;off&#8220; button_two_border_color__hover_enabled=&#8220;off&#8220; button_border_radius__hover_enabled=&#8220;off&#8220; button_one_border_radius__hover_enabled=&#8220;off&#8220; button_two_border_radius__hover_enabled=&#8220;off&#8220; button_letter_spacing__hover_enabled=&#8220;off&#8220; button_one_letter_spacing__hover_enabled=&#8220;off&#8220; button_two_letter_spacing__hover_enabled=&#8220;off&#8220; button_bg_color__hover_enabled=&#8220;off&#8220; button_one_bg_color__hover_enabled=&#8220;off&#8220; button_two_bg_color__hover_enabled=&#8220;off&#8220;][\/et_pb_contact_field][\/et_pb_contact_form][\/et_pb_column][et_pb_column type=&#8220;1_2&#8243; _builder_version=&#8220;3.25&#8243; custom_padding=&#8220;|||&#8220; custom_padding__hover=&#8220;|||&#8220;][et_pb_text _builder_version=&#8220;4.6.6&#8243; _module_preset=&#8220;default&#8220;]<\/p>\n<p><img loading=\"lazy\" decoding=\"async\" src=\"https:\/\/acopa.de\/de\/wp-content\/uploads\/sites\/4\/2020\/10\/ACOPA-Logo-.png\" width=\"299\" height=\"83\" alt=\"ACOPA Logo\" class=\"wp-image-2773 size-full\" \/>\u00a0<\/p>\n<p>[\/et_pb_text][et_pb_blurb url=&#8220;https:\/\/www.google.de\/maps\/dir\/\/Bismarckstra\u00dfe+11,+42115+Wuppertal\/@51.2513708,7.0904092,13z\/data=!3m1!4b1!4m8!4m7!1m0!1m5!1m1!1s0x47b8d6fed672440d:0x98190a3ec5b4e1b1!2m2!1d7.1255143!2d51.2513223&#8243; url_new_window=&#8220;on&#8220; use_icon=&#8220;on&#8220; font_icon=&#8220;%%122%%&#8220; icon_color=&#8220;#898989&#8243; icon_placement=&#8220;left&#8220; use_icon_font_size=&#8220;on&#8220; icon_font_size=&#8220;30px&#8220; icon_alignment_tablet=&#8220;right&#8220; icon_alignment_phone=&#8220;&#8220; icon_alignment_last_edited=&#8220;on|tablet&#8220; icon_font_size_tablet=&#8220;&#8220; icon_font_size_phone=&#8220;20px&#8220; icon_font_size_last_edited=&#8220;on|tablet&#8220; _builder_version=&#8220;4.6.5&#8243; header_font=&#8220;Proxima Nova SemiBold|600|||||||&#8220; header_font_size=&#8220;20px&#8220; header_line_height=&#8220;1.5em&#8220; body_font=&#8220;Proxima Nova Regular||||||||&#8220; body_text_color=&#8220;#878787&#8243; body_line_height=&#8220;1.2em&#8220; body_link_font=&#8220;Proxima Nova Regular||||||||&#8220; body_link_font_size=&#8220;18px&#8220; body_ul_font=&#8220;Proxima Nova Regular||||||||&#8220; body_ul_font_size=&#8220;18px&#8220; body_ol_font=&#8220;Proxima Nova Regular||||||||&#8220; body_ol_font_size=&#8220;18px&#8220; body_quote_font=&#8220;Proxima Nova Regular||||||||&#8220; body_quote_font_size=&#8220;18px&#8220; transform_scale_last_edited=&#8220;off|desktop&#8220; transform_translate_tablet=&#8220;300px|-300px&#8220; transform_translate_phone=&#8220;220px|-300px&#8220; transform_translate_last_edited=&#8220;off|desktop&#8220; transform_translate_linked_tablet=&#8220;off&#8220; transform_translate_linked_phone=&#8220;off&#8220; transform_rotate_last_edited=&#8220;off|desktop&#8220; transform_skew_last_edited=&#8220;off|desktop&#8220; transform_origin_last_edited=&#8220;off|desktop&#8220; transform_styles_last_edited=&#8220;off|desktop&#8220; custom_margin=&#8220;|||40px|false|false&#8220; custom_margin_tablet=&#8220;-25px||30px|15px|false|false&#8220; custom_margin_phone=&#8220;||45px|40px|false|false&#8220; custom_margin_last_edited=&#8220;on|phone&#8220; custom_padding_tablet=&#8220;&#8220; custom_padding_phone=&#8220;|||0px|false|false&#8220; custom_padding_last_edited=&#8220;on|phone&#8220; animation_style=&#8220;zoom&#8220; animation_direction=&#8220;bottom&#8220; animation_delay=&#8220;200ms&#8220; animation_intensity_zoom=&#8220;20%&#8220; animation_starting_opacity=&#8220;100%&#8220; body_font_size_tablet=&#8220;16px&#8220; body_font_size_phone=&#8220;15px&#8220; body_font_size_last_edited=&#8220;on|phone&#8220; module_alignment_last_edited=&#8220;off|desktop&#8220; locked=&#8220;off&#8220; icon_color__hover_enabled=&#8220;on|hover&#8220; icon_color__hover=&#8220;#bbd406&#8243; header_text_color__hover_enabled=&#8220;on|hover&#8220; header_text_color__hover=&#8220;#bbd406&#8243;]<\/p>\n<p>Bismarckstra\u00dfe 11<br \/> 42115 Wuppertal<\/p>\n<p>+49 (0)202 7053 533<\/p>\n<p>[\/et_pb_blurb][\/et_pb_column][\/et_pb_row][\/et_pb_section]<\/p>\n","protected":false},"excerpt":{"rendered":"<p>CHANGE MANAGEMENT &#038; USER TRAINING<br \/>\nWIR SORGEN DAF\u00dcR, DASS IHRE USER OPTIMAL AUF DIE NEUEN PROZESSE &#038; APPLIKATIONEN GESCHULT SIND<\/p>\n","protected":false},"author":1,"featured_media":1789,"parent":0,"menu_order":0,"comment_status":"closed","ping_status":"closed","template":"","meta":{"_et_pb_use_builder":"on","_et_pb_old_content":"","_et_gb_content_width":"","footnotes":""},"class_list":["post-907","page","type-page","status-publish","has-post-thumbnail","hentry"],"_links":{"self":[{"href":"https:\/\/acopa.de\/de\/wp-json\/wp\/v2\/pages\/907","targetHints":{"allow":["GET"]}}],"collection":[{"href":"https:\/\/acopa.de\/de\/wp-json\/wp\/v2\/pages"}],"about":[{"href":"https:\/\/acopa.de\/de\/wp-json\/wp\/v2\/types\/page"}],"author":[{"embeddable":true,"href":"https:\/\/acopa.de\/de\/wp-json\/wp\/v2\/users\/1"}],"replies":[{"embeddable":true,"href":"https:\/\/acopa.de\/de\/wp-json\/wp\/v2\/comments?post=907"}],"version-history":[{"count":19,"href":"https:\/\/acopa.de\/de\/wp-json\/wp\/v2\/pages\/907\/revisions"}],"predecessor-version":[{"id":4461,"href":"https:\/\/acopa.de\/de\/wp-json\/wp\/v2\/pages\/907\/revisions\/4461"}],"wp:featuredmedia":[{"embeddable":true,"href":"https:\/\/acopa.de\/de\/wp-json\/wp\/v2\/media\/1789"}],"wp:attachment":[{"href":"https:\/\/acopa.de\/de\/wp-json\/wp\/v2\/media?parent=907"}],"curies":[{"name":"wp","href":"https:\/\/api.w.org\/{rel}","templated":true}]}}