{"id":3760,"date":"2020-11-21T16:07:15","date_gmt":"2020-11-21T15:07:15","guid":{"rendered":"https:\/\/beta.acopa.de\/de\/?page_id=3760"},"modified":"2025-03-04T14:37:52","modified_gmt":"2025-03-04T13:37:52","slug":"datenschutz","status":"publish","type":"page","link":"https:\/\/acopa.de\/de\/datenschutz\/","title":{"rendered":"Datenschutz"},"content":{"rendered":"<p>[et_pb_section fb_built=&#8220;1&#8243; custom_padding_last_edited=&#8220;on|phone&#8220; disabled_on=&#8220;off|off|off&#8220; admin_label=&#8220;Featured Project&#8220; _builder_version=&#8220;4.16&#8243; custom_padding=&#8220;50px||50px||false|false&#8220; custom_padding_tablet=&#8220;0px||0px||true|false&#8220; custom_padding_phone=&#8220;&#8220; global_colors_info=&#8220;{}&#8220;][et_pb_row _builder_version=&#8220;4.16&#8243; _module_preset=&#8220;default&#8220; global_colors_info=&#8220;{}&#8220;][et_pb_column type=&#8220;4_4&#8243; _builder_version=&#8220;4.16&#8243; _module_preset=&#8220;default&#8220; global_colors_info=&#8220;{}&#8220;][et_pb_text _builder_version=&#8220;4.16&#8243; _module_preset=&#8220;default&#8220; text_font=&#8220;Proxima Nova Regular|300|||||||&#8220; header_2_font=&#8220;Proxima Nova SemiBold|700|||||||&#8220; header_2_text_color=&#8220;#bbd406&#8243; header_2_font_size=&#8220;30px&#8220; header_2_line_height=&#8220;1em&#8220; header_3_font=&#8220;Proxima Nova Regular|300||on|||||&#8220; header_3_text_color=&#8220;#878787&#8243; header_3_font_size=&#8220;18px&#8220; header_3_line_height=&#8220;0.1em&#8220; header_5_font=&#8220;Proxima Nova Regular|300|||||||&#8220; header_5_text_color=&#8220;#878787&#8243; max_width=&#8220;none&#8220; header_2_font_size_tablet=&#8220;&#8220; header_2_font_size_phone=&#8220;28px&#8220; header_2_font_size_last_edited=&#8220;on|desktop&#8220; header_5_font_size_tablet=&#8220;&#8220; header_5_font_size_phone=&#8220;14px&#8220; header_5_font_size_last_edited=&#8220;on|phone&#8220; global_colors_info=&#8220;{}&#8220;]<\/p>\n<h2>Datenschutz<\/h2>\n<p>[\/et_pb_text][\/et_pb_column][\/et_pb_row][et_pb_row custom_padding_last_edited=&#8220;on|desktop&#8220; admin_label=&#8220;Featured Project&#8220; _builder_version=&#8220;4.16&#8243; custom_margin=&#8220;0px||0px||false|false&#8220; custom_margin_tablet=&#8220;-10px||||false|false&#8220; custom_margin_phone=&#8220;-30px||||false|false&#8220; custom_margin_last_edited=&#8220;on|desktop&#8220; custom_padding=&#8220;0px||0px||false|false&#8220; custom_padding_tablet=&#8220;&#8220; custom_padding_phone=&#8220;&#8220; global_colors_info=&#8220;{}&#8220;][et_pb_column type=&#8220;4_4&#8243; _builder_version=&#8220;4.16&#8243; custom_padding=&#8220;|||&#8220; global_colors_info=&#8220;{}&#8220; custom_padding__hover=&#8220;|||&#8220;][et_pb_text _builder_version=&#8220;4.16&#8243; _module_preset=&#8220;default&#8220; global_colors_info=&#8220;{}&#8220;][\/et_pb_text][\/et_pb_column][\/et_pb_row][et_pb_row _builder_version=&#8220;4.16&#8243; _module_preset=&#8220;default&#8220; global_colors_info=&#8220;{}&#8220;][et_pb_column type=&#8220;4_4&#8243; _builder_version=&#8220;4.16&#8243; _module_preset=&#8220;default&#8220; global_colors_info=&#8220;{}&#8220;][et_pb_text _builder_version=&#8220;4.16&#8243; _module_preset=&#8220;default&#8220; max_width=&#8220;800px&#8220; global_colors_info=&#8220;{}&#8220;]<\/p>\n<p>In dieser Datenschutzerkl\u00e4rung informieren wir Sie \u00fcber die Verarbeitung personenbezogener Daten bei der Nutzung dieser Website.<strong style=\"font-size: 16px;\"><\/strong><\/p>\n<p><strong style=\"font-size: 16px;\">Datenschutzbeauftragter<br \/><\/strong><span style=\"font-size: 16px;\">Der Datenschutzbeauftragte ist unter unserer Adresse zu erreichen. Bitte erg\u00e4nzen Sie die Adresse bei der Kontaktaufnahme per Post mit dem Hinweis &#8222;Datenschutzbeauftragter&#8220;. Per E-Mail erreichen Sie unseren Datenschutzbeauftragten \u00fcber die folgende E-Mail-Adresse: <\/span><em style=\"font-size: 16px;\">info@acopa.de<\/em><\/p>\n<p><strong style=\"font-size: 16px;\">Personenbezogene Daten<br \/><\/strong><span style=\"font-size: 16px;\">Personenbezogene Daten sind alle Informationen, die sich auf eine identifizierte oder identifizierbare nat\u00fcrliche Person (im Folgenden &#8222;betroffene Person&#8220;) beziehen. Als identifizierbar wird eine nat\u00fcrliche Person angesehen, die direkt oder indirekt, insbesondere mittels Zuordnung zu einer Kennung wie einem Namen, zu einer Kennnummer, zu Standortdaten, zu einer Online-Kennung oder zu einem oder mehreren besonderen Merkmalen identifiziert werden kann, die Ausdruck der physischen, physiologischen, genetischen, psychischen, wirtschaftlichen, kulturellen oder sozialen Identit\u00e4t dieser nat\u00fcrlichen Person sind.<\/span><\/p>\n<p><strong>Daten beim Websiteaufruf<br \/><\/strong><span style=\"font-size: 16px;\">Wenn Sie diese Website nur nutzen, um sich zu informieren und keine Daten angeben, dann verarbeiten wir nur die Daten, die zur Anzeige der Website auf dem von Ihnen verwendeten internetf\u00e4higen Ger\u00e4t erforderlich sind. Das sind insbesondere:<\/span><\/p>\n<ul>\n<li>IP-Adresse<\/li>\n<li>Datum und Uhrzeit der Anfrage<\/li>\n<li>jeweils \u00fcbertragene Datenmenge<\/li>\n<li>die Website, von der die Anforderung kommt<\/li>\n<li>Browsertyp und Browserversion<\/li>\n<li>Betriebssystem<span style=\"font-size: 16px;\">\u00a0<\/span><\/li>\n<\/ul>\n<p>Rechtsgrundlage f\u00fcr die Verarbeitung dieser Daten sind berechtigte Interessen gem\u00e4\u00df Art. 6 Abs. 1 UAbs. 1 Buchstabe f)<span style=\"font-size: 16px;\">\u00a0<\/span><\/p>\n<p>DSGVO, um die Darstellung der Website grunds\u00e4tzlich zu erm\u00f6glichen.<\/p>\n<p>Dar\u00fcber hinaus k\u00f6nnen Sie verschiedene Leistungen auf der Website nutzen, bei der weitere personenbezogene und nicht personenbezogene Daten verarbeitet werden.<span style=\"font-size: 16px;\">\u00a0<\/span><\/p>\n<p><strong>Ihre Rechte<br \/><\/strong><span style=\"font-size: 16px;\">Als betroffene Person haben Sie folgende Rechte:<\/span><\/p>\n<ul>\n<li>Sie haben ein Auskunftsrecht bez\u00fcglich der Sie betreffenden personenbezogenen Daten, die der Verantwortliche verarbeitet (Art. 15 DSGVO),<\/li>\n<li>Sie haben das Recht auf Berichtigung der Sie betreffenden Daten, wenn diese unrichtig oder unvollst\u00e4ndig gespeichert werden (Art. 16 DSGVO),<\/li>\n<li>Sie haben das Recht auf L\u00f6schung (Art. 17 DSGVO),<\/li>\n<li>Sie haben das Recht, die Einschr\u00e4nkung der Verarbeitung Ihrer personenbezogenen Daten zu verlangen (Art. 18 DSGVO),<\/li>\n<li>Sie haben das Recht auf Daten\u00fcbertragbarkeit (Art. 20 DSGVO),<\/li>\n<li>Sie haben ein Widerspruchsrecht gegen die Verarbeitung Sie betreffender personenbezogener Daten (Art. 21 DSGVO),<\/li>\n<li>Sie haben das Recht nicht einer ausschlie\u00dflich auf einer automatisierten Verarbeitung \u2013 einschlie\u00dflich Profiling \u2013 beruhenden Entscheidung unterworfen zu werden, die Ihnen gegen\u00fcber rechtliche Wirkung entfaltet oder sie in \u00e4hnlicher Weise erheblich beeintr\u00e4chtigt (Art. 22 DSGVO),<span style=\"font-size: 16px;\">\u00a0<\/span><\/li>\n<\/ul>\n<p>Sie haben das Recht, sich bei einem vermuteten Versto\u00df gegen das Datenschutzrecht bei der zust\u00e4ndigen Aufsichtsbeh\u00f6rde zu beschweren (Art. 77 DSGVO). Zust\u00e4ndig ist die Aufsichtsbeh\u00f6rde an Ihrem \u00fcblichen Aufenthaltsort,\u00a0Arbeitsplatz oder am Ort des vermuteten Versto\u00dfes.<\/p>\n<p><strong><span>Einsatz von Cookies<br \/><\/span><\/strong><span style=\"font-size: 16px;\">Beim Besuch der Website k\u00f6nnen Cookies auf Ihrem Ger\u00e4t gespeichert werden. Cookies sind kleine Textdateien, die von dem von Ihnen verwendeten Browser gespeichert werden. Cookies k\u00f6nnen keine Programme ausf\u00fchren und auch keine Viren auf Ihr Ger\u00e4t \u00fcbertragen. Die Stelle, die den Cookie setzt, kann dar\u00fcber jedoch bestimmte Informationen erhalten. Cookies dienen dazu, das Internetangebot benutzerfreundlicher zu machen. Mithilfe von Cookies kann beispielsweise das Ger\u00e4t, mit dem diese Website aufgerufen wurde, bei einem erneuten Aufruf erkannt werden.<\/span><\/p>\n<p><span style=\"font-size: 16px;\">Durch die Browsereinstellungen l\u00e4sst sich das Setzen von Cookies einschr\u00e4nken oder verhindern. So kann z. B. nur die Annahme von Cookies, die von Drittanbietern stammen, blockiert werden oder aber auch die Annahme von allen Cookies. Durch das Blockieren sind jedoch m\u00f6glicherweise nicht mehr alle Funktionen dieser Website nutzbar. Im weiteren Text dieser Datenschutzerkl\u00e4rung informieren wir Sie konkret, an welchen Stellen und zu welchen Zwecken Cookies auf den Seiten zum Einsatz kommen.<\/span><span style=\"font-size: 16px;\">\u00a0<\/span><\/p>\n<p><span><strong>Newsletter<br \/><\/strong><\/span><span style=\"font-size: 16px;\">Bei der Bestellung eines Newsletters, werden der Eingegebene Name, die E-Mail-Adresse und ggf. die Website URL gespeichert und verarbeitet zum Zweck des Versands des von Ihnen abonnierten Newsletters. Der Newsletter kann unter folgendem Link abonniert werden:\u00a0<\/span><\/p>\n<p><span>Die Datenverarbeitung f\u00fcr den Versand des Newsletters erfolgt auf der Grundlage Ihrer Einwilligung, was nach Art. 6 Abs. 1 lit. a) DSGVO und stellt einen Erlaubnistatbestand dar. Die Einwilligung kann jederzeit kostenfrei per E-Mail an\u00a0<\/span><span><a href=\"mailto:info@acopa.de\"><b>info@acopa.de<\/b><\/a><\/span><span>\u00a0widerrufen werden. Erg\u00e4nzend steht in jeder Newsletternachricht eine entsprechende E-Mail-Adresse f\u00fcr die Abmeldung zur Verf\u00fcgung.<\/span><span style=\"font-size: 16px;\">\u00a0<\/span><\/p>\n<p><b><span>Kontaktm\u00f6glichkeit \u00fcber die Webseite<\/span><\/b><span style=\"font-size: 16px;\"><br \/><\/span><span style=\"font-size: 16px;\">Entsprechend der gesetzlichen Vorschriften zur schnellen elektronischen Kontaktaufnahme zum Unternehmen und der unmittelbaren Kommunikation, enth\u00e4lt die Webseite der ACOPA GmbH &amp; Co. KG eine allgemeine E-Mail-Adresse (elektronische Post). Sobald eine Kontaktaufnahme einer betroffenen Person \u00fcber ebd. E-Mail-Adresse oder \u00fcber ein Kontaktformular erfolgt, werden die \u00fcbermittelten, f\u00fcr die Verarbeitung erforderlichen, personenbezogenen Daten automatisch gespeichert. Solche auf freiwilliger Basis \u00fcbermittelten personenbezogenen Daten werden f\u00fcr Zwecke der Bearbeitung oder der Kontaktaufnahme zur gespeichert. Es erfolgt keine Weitergabe dieser personenbezogenen Daten an Dritte.<\/span><\/p>\n<p><b><span>Kommentarfunktion auf der Internetseite<br \/><\/span><\/b><span style=\"font-size: 16px;\">Die ACOPA GmbH &amp; Co. KG bietet den Nutzern die M\u00f6glichkeit, individuelle Kommentare zu einzelnen Beitr\u00e4gen (News, Wikis, White Paper) zu hinterlassen. Ein hierbei handelt es sich um ein auf einer Internetseite gef\u00fchrtes, \u00f6ffentlich einsehbares Portal, in welchem eine oder mehrere Personen (Blogger, Redakteure, Autoren) Artikel posten oder Gedanken in sog. Blogbeitr\u00e4gen (Posts) verfassen. Diese Beitr\u00e4ge k\u00f6nnen von Dritten kommentiert werden. Beim Hinterlassen von Kommentaren an entsprechenden Beitr\u00e4gen, werden von Daten zum Zeitpunkt der Kommentareingabe, Nutzername (Pseudonym) und IP-Adresse (durch Internet-Service-Provider) erfasst, gespeichert und im Fall der IP-Adresse mitprotokolliert. Die Speicherung der IP-Adresse erfolgt aus Sicherheitsgr\u00fcnden und der Dokumentation von Verletzung der Rechte Dritter oder der Ver\u00f6ffentlichung rechtswidriger Inhalte. Die Speicherung dieser personenbezogenen Daten erfolgt daher im eigenen Interesse des f\u00fcr die Verarbeitung Verantwortlichen, damit sich dieser im Falle einer Rechtsverletzung ggt. exkulpieren kann. Die Weitergabe dieser erhobenen personenbezogenen Daten an Dritte, erfolgt nur auf, judikative Anordnung und innerhalb der gesetzlich vorgeschriebenen Rahmenbedingungen oder f\u00fcr die Rechtsverteidigung des f\u00fcr die Verarbeitung Verantwortlichen.<\/span><\/p>\n<p><strong><span>Datensicherheit und Verschl\u00fcsselung<br \/><o:p><\/o:p><\/span><\/strong>W<strong><span>i<\/span><\/strong>r sind bem\u00fcht, die Sicherheit Ihrer Daten und Informationen zu sch\u00fctzen und verwenden f\u00fcr die Verbindung mit unserer Website eine Secure Socket Layer (SSL) Software, gem\u00e4\u00df TLS-Standard, um Ihre Daten zu verschl\u00fcsseln und vor Unbefugten zu sch\u00fctzen<strong><span><o:p><\/o:p><\/span><\/strong><\/p>\n<p><strong style=\"font-size: 16px;\">Datenschutzerkl\u00e4rung f\u00fcr Google Analytics<br \/><\/strong><span style=\"font-size: 16px;\">Diese Website verwendet Google Analytics, einen Webanalysedienst der Google Inc., 1600 Amphitheatre Parkway, Mountain View, CA 94043, USA. Zu diesem Zweck werden von Google Cookies auf dem Ger\u00e4t gesetzt. Diese erm\u00f6glichen eine Analyse der Website-Nutzung. Die dabei erfassten Informationen werden in der Regel an einen Server von Google in den USA \u00fcbermittelt und dort erfasst \u2013 darunter auch die IP-Adresse. Google Analytics ist dabei so eingestellt, dass IP-Adressen nur anonymisiert gespeichert werden. Google k\u00fcrzt aufgrund dieser Einstellung vor der Speicherung die innerhalb von Mitgliedstaaten der Europ\u00e4ischen Union oder in anderen Vertragsstaaten des Abkommens \u00fcber den Europ\u00e4ischen Wirtschaftsraum erfassten IP-Adressen. Google nutzt die gesammelten Informationen, um die Nutzung der Webseiten auszuwerten und entsprechende Berichte zu erstellen. Google Analytics ist so eingestellt, dass die Daten innerhalb von 14 Monaten nach ihrem Entstehen gel\u00f6scht werden.\u00a0<\/span><\/p>\n<p><span>Die Verarbeitung der Daten erfolgt auf Grundlage von Art. 6 Abs. 1 UAbs. 1 Buchstabe f) DSGVO mit dem berechtigten Interesse an der Verbesserung dieses Websiteangebots.<\/span><span style=\"font-size: 16px;\">\u00a0<\/span><\/p>\n<p><span>Das Setzen des Analytics-Cookies l\u00e4sst sich verhindern, indem der Browser so eingestellt wird, dass dieser alle Cookies ablehnt. M\u00f6glicherweise beeintr\u00e4chtigt das jedoch die Nutzungsm\u00f6glichkeiten dieser Website. Die Erfassung von Daten durch Google kann au\u00dferdem die Installation des folgenden Browser-Plug-ins verhindern:<span class=\"apple-converted-space\">\u00a0<\/span><\/span><a href=\"https:\/\/tools.google.com\/dlpage\/gaoptout?hl=de\"><b><span>https:\/\/tools.google.com\/dlpage\/gaoptout?hl=de<\/span><\/b><\/a><span>. Die Erfassung von Daten durch Google Analytics verhindert zudem ein Klick auf folgenden Link. Dieser setzt ein entsprechende Opt-Out-Cookie:<span class=\"apple-converted-space\">\u00a0<\/span>Erfassung von Daten durch Google Analytics f\u00fcr diese Website deaktivieren.<\/span><span style=\"font-size: 16px;\">\u00a0<\/span><\/p>\n<p><span>Weitere Informationen zum Datenschutz von Google finden Sie unter:<span class=\"apple-converted-space\">\u00a0<\/span><\/span><a href=\"https:\/\/www.google.com\/intl\/de\/analytics\/privacyoverview.html\"><b><span>https:\/\/www.google.com\/intl\/de\/analytics\/privacyoverview.html<\/span><\/b><\/a><span>.<\/span><span style=\"font-size: 16px;\">\u00a0<\/span><\/p>\n<p><strong><span>Datenschutzerkl\u00e4rung f\u00fcr Google AdSense<\/span><\/strong><span style=\"font-size: 16px;\"><br \/><\/span><span style=\"font-size: 16px;\">Diese Website verwendet Google AdSense, einen Dienst der Google Inc., 1600 Amphitheatre Parkway, Mountain View, CA 94043, USA. Google AdSense erm\u00f6glicht die Einbindung von Werbung auf Webseiten. Zu diesem Zweck werden von Google Cookies (kleine Textdateien) auf dem Ger\u00e4t gesetzt bzw. bzw. Web-Beacons (unsichtbare Pixel) angezeigt. Diese erm\u00f6glichen eine Analyse der Websitebesuche. Dank der Cookies f\u00fcr Anzeigenvorgaben k\u00f6nnen Google und seine Partner Nutzern auf Basis der Aufrufe dieser Website oder anderer Websites Werbeanzeigen bereitstellen. Die dabei erfassten Informationen werden in der Regel an einen Server von Google in den USA \u00fcbertragen und dort gespeichert \u2013 darunter auch die IP-Adresse. M\u00f6glicherweise gibt Google diese Informationen an Dritte weiter.<\/span><\/p>\n<p><span>Die Verarbeitung der Daten erfolgt auf Grundlage von Art. 6 Abs. 1 UAbs. 1 Buchstabe f) DSGVO mit dem berechtigten Interesse an der Verbesserung des Websiteangebots wie der Werbung.<\/span><span style=\"font-size: 16px;\">\u00a0<\/span><\/p>\n<p><span>Das Setzen des AdSense-Cookies l\u00e4sst sich durch Einstellung des Browsers verhindern, indem dieser alle Cookies ablehnt. M\u00f6glicherweise beeintr\u00e4chtigt das jedoch die Nutzungsm\u00f6glichkeiten dieser Website. Sie k\u00f6nnen personalisierte Werbung zudem auf folgender Seite deaktivieren:<span class=\"apple-converted-space\">\u00a0<\/span><\/span><a href=\"https:\/\/adssettings.google.com\/anonymous\"><b><span>https:\/\/adssettings.google.com\/anonymous<\/span><\/b><\/a><span>.<\/span><span style=\"font-size: 16px;\">\u00a0<\/span><\/p>\n<p><span>Weitere Informationen zum Datenschutz durch Google finden Sie unter:<span class=\"apple-converted-space\">\u00a0<\/span><\/span><a href=\"https:\/\/www.google.com\/intl\/de\/analytics\/privacyoverview.html\"><b><span>https:\/\/www.google.com\/intl\/de\/analytics\/privacyoverview.html<\/span><\/b><\/a><span>.<\/span><\/p>\n<p><span><\/span><\/p>\n<div>\n<div data-tid=\"messageBodyContainer\">\n<div data-tid=\"messageBodyContent\">\n<div>\n<div>\n<div>\n<p><span><strong>Datenerfassung der Berater Suche (ask-dieter.de)<\/strong><\/span><\/p>\n<p><span><b>Als anonymer Nutzer<\/b><\/span><\/p>\n<ul>\n<li><span>Der Webserver speichert Ihre IP und Ihren <u><a href=\"https:\/\/de.wikipedia.org\/wiki\/User_Agent\" title=\"https:\/\/de.wikipedia.org\/wiki\/user_agent\">Useragent<\/a><\/u>.<\/span><\/li>\n<li><span>Zeitstempel der Anfrage<\/span><\/li>\n<\/ul>\n<p><span><b>Gastaccount<\/b><\/span><\/p>\n<ul>\n<li><span>Die gleichen Daten eines anonymen Nutzers.<\/span><\/li>\n<li><span>Zur Erstellung Ihres Accounts wird folgendes gespeichert:<\/span><\/li>\n<\/ul>\n<p style=\"padding-left: 30px;\"><span>&#8211; Ihr Name<br \/>&#8211; Ihre E-Mail-Adresse<br \/>&#8211; Einige Account Einstellungen wie bspw. zur Barrierefreiheit<\/span><\/p>\n<ul>\n<li><span>Wir speichern, ob Sie das Tutorial beendet haben<\/span><\/li>\n<li><span>Ein Cookie, um Ihren Login zu speichern<\/span><\/li>\n<li><span>Ihre Berateranfragen<\/span><\/li>\n<\/ul>\n<p><span>Alle Ihre Daten werden ausschlie\u00dflich verschl\u00fcsselt \u00fcbertragen. Backups werden ebenfalls verschl\u00fcsselt gespeichert. <\/span><\/p>\n<\/div>\n<\/div>\n<\/div>\n<\/div>\n<\/div>\n<div data-tid=\"appBasedLinkUrlPreview\">\n<div>\n<div>\n<div title=\"Ein User Agent (englisch user \u201eBenutzer\u201c, agent \u201eMittler, Stellvertreter, Beauftragter\u201c) ist eine clientseitige Anwendung zur Nutzung eines Netzwerkdienstes. Der User Agent bildet dabei die Schnittstelle\u2026\" data-tid=\"urlPreviewDescription\"><\/div>\n<div title=\"Ein User Agent (englisch user \u201eBenutzer\u201c, agent \u201eMittler, Stellvertreter, Beauftragter\u201c) ist eine clientseitige Anwendung zur Nutzung eines Netzwerkdienstes. Der User Agent bildet dabei die Schnittstelle\u2026\" data-tid=\"urlPreviewDescription\"><a href=\"https:\/\/de.wikipedia.org\/wiki\/User_Agent\">https:\/<strong>\/de.wikipedia.org\/wiki\/User_Agent<\/strong><\/a><\/div>\n<\/div>\n<\/div>\n<\/div>\n<\/div>\n<p>[\/et_pb_text][\/et_pb_column][\/et_pb_row][\/et_pb_section]<\/p>\n","protected":false},"excerpt":{"rendered":"<p>DatenschutzIn dieser Datenschutzerkl\u00e4rung informieren wir Sie \u00fcber die Verarbeitung personenbezogener Daten bei der Nutzung dieser Website. DatenschutzbeauftragterDer Datenschutzbeauftragte ist unter unserer Adresse zu erreichen. Bitte erg\u00e4nzen Sie die Adresse bei der Kontaktaufnahme per Post mit dem Hinweis &#8222;Datenschutzbeauftragter&#8220;. Per E-Mail erreichen Sie unseren Datenschutzbeauftragten \u00fcber die folgende E-Mail-Adresse: info@acopa.de Personenbezogene DatenPersonenbezogene Daten sind alle Informationen, [&hellip;]<\/p>\n","protected":false},"author":1,"featured_media":0,"parent":0,"menu_order":0,"comment_status":"closed","ping_status":"closed","template":"","meta":{"_et_pb_use_builder":"on","_et_pb_old_content":"","_et_gb_content_width":"","footnotes":""},"class_list":["post-3760","page","type-page","status-publish","hentry"],"_links":{"self":[{"href":"https:\/\/acopa.de\/de\/wp-json\/wp\/v2\/pages\/3760","targetHints":{"allow":["GET"]}}],"collection":[{"href":"https:\/\/acopa.de\/de\/wp-json\/wp\/v2\/pages"}],"about":[{"href":"https:\/\/acopa.de\/de\/wp-json\/wp\/v2\/types\/page"}],"author":[{"embeddable":true,"href":"https:\/\/acopa.de\/de\/wp-json\/wp\/v2\/users\/1"}],"replies":[{"embeddable":true,"href":"https:\/\/acopa.de\/de\/wp-json\/wp\/v2\/comments?post=3760"}],"version-history":[{"count":15,"href":"https:\/\/acopa.de\/de\/wp-json\/wp\/v2\/pages\/3760\/revisions"}],"predecessor-version":[{"id":5168,"href":"https:\/\/acopa.de\/de\/wp-json\/wp\/v2\/pages\/3760\/revisions\/5168"}],"wp:attachment":[{"href":"https:\/\/acopa.de\/de\/wp-json\/wp\/v2\/media?parent=3760"}],"curies":[{"name":"wp","href":"https:\/\/api.w.org\/{rel}","templated":true}]}}