{"id":2926,"date":"2020-10-28T11:48:29","date_gmt":"2020-10-28T10:48:29","guid":{"rendered":"https:\/\/acopa.armster.de\/de\/?page_id=2926"},"modified":"2021-10-14T09:53:17","modified_gmt":"2021-10-14T07:53:17","slug":"experten-finden","status":"publish","type":"page","link":"https:\/\/acopa.de\/de\/experten-finden\/","title":{"rendered":"Experten finden"},"content":{"rendered":"<p>[et_pb_section fb_built=&#8220;1&#8243; next_background_color=&#8220;#ffffff&#8220; admin_label=&#8220;Hero Section&#8220; _builder_version=&#8220;4.7.3&#8243; use_background_color_gradient=&#8220;on&#8220; background_color_gradient_start=&#8220;rgba(0,0,0,0.4)&#8220; background_color_gradient_end=&#8220;rgba(0,0,0,0.4)&#8220; background_color_gradient_overlays_image=&#8220;on&#8220; background_image=&#8220;https:\/\/acopa.de\/de\/wp-content\/uploads\/sites\/4\/2020\/11\/AdobeStock_153357309_72dpi.jpg&#8220; background_blend=&#8220;multiply&#8220; custom_padding=&#8220;6%||6%|&#8220; bottom_divider_style=&#8220;slant&#8220; bottom_divider_height=&#8220;60px&#8220; background_last_edited=&#8220;off|tablet&#8220; background_image_tablet=&#8220;https:\/\/acopa.de\/wp-content\/uploads\/sites\/4\/2020\/09\/AdobeStock_226449004_Preview-1.jpeg&#8220; background_enable_image_tablet=&#8220;on&#8220; background_position_tablet=&#8220;center&#8220; background_color_gradient_direction__hover=&#8220;180deg&#8220; background_color_gradient_direction__hover_enabled=&#8220;180deg&#8220; background_color_gradient_start_position__hover=&#8220;0%&#8220; background_color_gradient_start_position__hover_enabled=&#8220;0%&#8220; background_color_gradient_end_position__hover=&#8220;100%&#8220; background_color_gradient_end_position__hover_enabled=&#8220;100%&#8220; title_text_tablet=&#8220;AdobeStock_226449004_Preview&#8220;][et_pb_row admin_label=&#8220;Page Title Area&#8220; _builder_version=&#8220;3.25&#8243;][et_pb_column type=&#8220;4_4&#8243; _builder_version=&#8220;3.25&#8243; custom_padding=&#8220;|||&#8220; custom_padding__hover=&#8220;|||&#8220;][et_pb_text admin_label=&#8220;Hero Section Title&#8220; _builder_version=&#8220;4.7.4&#8243; text_font=&#8220;Proxima Nova Regular||||||||&#8220; text_line_height=&#8220;1.5em&#8220; header_font=&#8220;Proxima Nova SemiBold|600||on|||||&#8220; header_font_size=&#8220;36px&#8220; header_letter_spacing=&#8220;3px&#8220; header_2_font=&#8220;Proxima Nova SemiBold|700|||||||&#8220; header_2_text_color=&#8220;rgba(255,255,255,0.6)&#8220; header_2_font_size=&#8220;90px&#8220; header_2_letter_spacing=&#8220;3px&#8220; header_2_line_height=&#8220;1.1em&#8220; text_orientation=&#8220;center&#8220; background_layout=&#8220;dark&#8220; max_width=&#8220;700px&#8220; module_alignment=&#8220;center&#8220; custom_margin=&#8220;|||&#8220; animation_style=&#8220;fade&#8220; animation_direction=&#8220;bottom&#8220; text_font_size_tablet=&#8220;&#8220; text_font_size_phone=&#8220;14px&#8220; text_font_size_last_edited=&#8220;on|phone&#8220; header_font_size_tablet=&#8220;&#8220; header_font_size_phone=&#8220;24px&#8220; header_font_size_last_edited=&#8220;on|phone&#8220; header_2_font_size_tablet=&#8220;&#8220; header_2_font_size_phone=&#8220;50px&#8220; header_2_font_size_last_edited=&#8220;on|phone&#8220;]<\/p>\n<h1>Experten Finden<\/h1>\n<p>Finden Sie den idealen Experten f\u00fcr Ihr Projekt \u2013 unmittelbar, unkompliziert und unverbindlich.<\/p>\n<p>[\/et_pb_text][\/et_pb_column][\/et_pb_row][\/et_pb_section][et_pb_section fb_built=&#8220;1&#8243; custom_padding_last_edited=&#8220;on|phone&#8220; disabled_on=&#8220;off|off|off&#8220; admin_label=&#8220;Featured Project&#8220; _builder_version=&#8220;4.6.0&#8243; custom_padding=&#8220;50px||50px||true|false&#8220; custom_padding_tablet=&#8220;0px||0px||true|false&#8220; custom_padding_phone=&#8220;&#8220;][et_pb_row _builder_version=&#8220;4.6.0&#8243; _module_preset=&#8220;default&#8220;][et_pb_column type=&#8220;4_4&#8243; _builder_version=&#8220;4.6.0&#8243; _module_preset=&#8220;default&#8220;][et_pb_text _builder_version=&#8220;4.7.4&#8243; _module_preset=&#8220;default&#8220; text_font=&#8220;Proxima Nova Regular|300|||||||&#8220; header_2_font=&#8220;Proxima Nova SemiBold|700|||||||&#8220; header_2_text_color=&#8220;#bbd406&#8243; header_2_font_size=&#8220;30px&#8220; header_2_line_height=&#8220;1.5em&#8220; header_3_font=&#8220;Proxima Nova Regular|300||on|||||&#8220; header_3_text_color=&#8220;#878787&#8243; header_3_font_size=&#8220;18px&#8220; header_3_line_height=&#8220;0.1em&#8220; header_5_font=&#8220;Proxima Nova Regular|300|||||||&#8220; header_5_text_color=&#8220;#878787&#8243; header_5_line_height=&#8220;1.5em&#8220; max_width=&#8220;none&#8220; text_font_size_tablet=&#8220;&#8220; text_font_size_phone=&#8220;16px&#8220; text_font_size_last_edited=&#8220;on|phone&#8220; header_2_font_size_tablet=&#8220;&#8220; header_2_font_size_phone=&#8220;21px&#8220; header_2_font_size_last_edited=&#8220;on|phone&#8220; header_5_font_size_tablet=&#8220;&#8220; header_5_font_size_phone=&#8220;14px&#8220; header_5_font_size_last_edited=&#8220;on|phone&#8220;]<\/p>\n<h2>Experten Finden<\/h2>\n<h5>Finden Sie den idealen Experten f\u00fcr Ihr Projekt \u2013 unmittelbar, unkompliziert und unverbindlich.<\/h5>\n<p><span class=\"EOP SCXW70210675 BCX9\" data-ccp-props=\"{&quot;201341983&quot;:0,&quot;335559738&quot;:100,&quot;335559739&quot;:200,&quot;335559740&quot;:276}\"><span data-contrast=\"auto\" class=\"TextRun SCXW220669821 BCX9\" xml:lang=\"DE-DE\" lang=\"DE-DE\"><span class=\"NormalTextRun SCXW220669821 BCX9\"><\/span><\/span><\/span><\/p>\n<p>[\/et_pb_text][\/et_pb_column][\/et_pb_row][et_pb_row column_structure=&#8220;1_2,1_2&#8243; custom_padding_last_edited=&#8220;on|desktop&#8220; admin_label=&#8220;Featured Project&#8220; _builder_version=&#8220;4.9.10&#8243; custom_margin=&#8220;0px||0px||false|false&#8220; custom_margin_tablet=&#8220;-10px||15px||false|false&#8220; custom_margin_phone=&#8220;-30px||||false|false&#8220; custom_margin_last_edited=&#8220;on|phone&#8220; custom_padding=&#8220;0px||0px||false|false&#8220; custom_padding_tablet=&#8220;&#8220; custom_padding_phone=&#8220;&#8220; animation_style=&#8220;fade&#8220;][et_pb_column type=&#8220;1_2&#8243; _builder_version=&#8220;4.6.0&#8243; custom_padding=&#8220;|||&#8220; custom_padding__hover=&#8220;|||&#8220;][et_pb_divider show_divider=&#8220;off&#8220; _builder_version=&#8220;3.2&#8243; max_width=&#8220;23px&#8220; module_alignment=&#8220;left&#8220; animation_style=&#8220;slide&#8220; animation_intensity_slide=&#8220;20%&#8220; animation_starting_opacity=&#8220;100%&#8220; locked=&#8220;off&#8220;][\/et_pb_divider][et_pb_text _builder_version=&#8220;4.9.10&#8243; text_font=&#8220;Proxima Nova Regular||||||||&#8220; text_line_height=&#8220;1.8em&#8220; header_font=&#8220;Proxima Nova SemiBold||||||||&#8220; header_2_font_size=&#8220;28px&#8220; header_4_font=&#8220;Proxima Nova SemiBold||||||||&#8220; header_5_font=&#8220;Proxima Nova SemiBold||||||||&#8220; header_6_font=&#8220;Proxima Nova SemiBold||||||||&#8220; max_width=&#8220;90%&#8220; custom_margin=&#8220;|||&#8220; animation_direction=&#8220;left&#8220; text_font_size_tablet=&#8220;16px&#8220; text_font_size_phone=&#8220;14px&#8220; text_font_size_last_edited=&#8220;on|phone&#8220;]<\/p>\n<p>Dieter wei\u00df es besser &#8211; Mit unserem Tool &#8222;ask DIETER&#8220; erm\u00f6glichen wir es Ihnen eigenst\u00e4ndig und zu jeder Zeit einen Berater, mit den von Ihnen gesuchten Kenntnissen, im Netzwerk der ACOPA zu finden. Geben Sie Ihre Anforderungen in die Suchanfrage ein, erg\u00e4nzen Sie den Einsatzort und -zeitraum und die Auslastung, die Ihr Projekt verlangt. DIETER findet sofort Ihr Match, zeigt Ihnen den Lebenslauf und erm\u00f6glicht Ihnen die direkte Kontaktanfrage.<\/p>\n<p><span>Sie kennen Ihr Projekt, wir helfen Ihnen dabei, das richtige Team zusammenzustellen. Fangen Sie gleich an und bauen Sie Ihr ACOPA Dream Team mit DIETER. Einfach anmelden, Zugang best\u00e4tigen und loslegen.<\/span><\/p>\n<p>[\/et_pb_text][\/et_pb_column][et_pb_column type=&#8220;1_2&#8243; _builder_version=&#8220;3.25&#8243; custom_padding=&#8220;|||&#8220; custom_padding__hover=&#8220;|||&#8220;][et_pb_text _builder_version=&#8220;4.9.10&#8243; text_font=&#8220;Proxima Nova Regular||||||||&#8220; text_line_height=&#8220;1.8em&#8220; header_font=&#8220;Proxima Nova SemiBold||||||||&#8220; header_2_font_size=&#8220;28px&#8220; header_4_font=&#8220;Proxima Nova SemiBold||||||||&#8220; header_5_font=&#8220;Proxima Nova SemiBold||||||||&#8220; header_6_font=&#8220;Proxima Nova SemiBold||||||||&#8220; max_width=&#8220;90%&#8220; custom_margin=&#8220;|||&#8220; custom_padding=&#8220;25px||||false|false&#8220; animation_direction=&#8220;left&#8220; text_font_size_tablet=&#8220;16px&#8220; text_font_size_phone=&#8220;14px&#8220; text_font_size_last_edited=&#8220;on|tablet&#8220;]<\/p>\n<p>DIETER ist das Akronym f\u00fcr Digital Intelligent Enterprise Tool for Expertise Research und bedient sich einer breiten Palette an intelligenten L\u00f6sungen, um den besten Berater f\u00fcr Ihren Anspruch zu finden. So verwendet DIETER unter anderem Methodiken aus dem Bereich Natural Language Processing, wie beispielsweise Latent Semantic Analysis (LSA), um \u00c4hnlichkeiten bei eingegebenen Skills zu erkennen. Somit k\u00f6nnen Fachkompetenzen &#8211; obwohl sie im Wortlaut nicht identisch sind &#8211; als \u00e4hnlich zueinander klassifiziert werden. Dies sorgt daf\u00fcr, dass die Suche von DIETER keinen potenziellen Kandidaten \u00fcbersieht und Sie so garantiert die richtigen Berater f\u00fcr Ihr Projekt finden.<\/p>\n<p>Gerne k\u00f6nnen Sie DIETER auch f\u00fcr Ihr Unternehmen erwerben.<\/p>\n<p>[\/et_pb_text][\/et_pb_column][\/et_pb_row][et_pb_row _builder_version=&#8220;4.7.0&#8243; _module_preset=&#8220;default&#8220;][et_pb_column type=&#8220;4_4&#8243; _builder_version=&#8220;4.7.0&#8243; _module_preset=&#8220;default&#8220;][et_pb_button button_url=&#8220;https:\/\/ad.acopa.de\/public\/expert-search&#8220; url_new_window=&#8220;on&#8220; button_text=&#8220;zu D.I.E.T.E.R.&#8220; button_alignment=&#8220;center&#8220; _builder_version=&#8220;4.9.10&#8243; button_text_size=&#8220;16px&#8220; button_text_color=&#8220;#bbd406&#8243; button_bg_color=&#8220;rgba(0,0,0,0)&#8220; button_border_width=&#8220;2px&#8220; button_border_color=&#8220;#bbd406&#8243; button_border_radius=&#8220;6px&#8220; button_letter_spacing=&#8220;1px&#8220; button_font=&#8220;Proxima Nova Medium|600||on|||||&#8220; custom_margin=&#8220;|||&#8220; custom_padding=&#8220;8px||8px||false|false&#8220; hover_enabled=&#8220;0&#8243; button_text_size_tablet=&#8220;&#8220; button_text_size_phone=&#8220;12px&#8220; button_text_size_last_edited=&#8220;on|phone&#8220; box_shadow_color=&#8220;rgba(0,0,0,0)&#8220; button_letter_spacing_hover=&#8220;2px&#8220; saved_tabs=&#8220;all&#8220; button_text_size__hover_enabled=&#8220;off&#8220; button_one_text_size__hover_enabled=&#8220;off&#8220; button_two_text_size__hover_enabled=&#8220;off&#8220; button_text_color__hover_enabled=&#8220;off&#8220; button_one_text_color__hover_enabled=&#8220;off&#8220; button_two_text_color__hover_enabled=&#8220;off&#8220; button_border_width__hover_enabled=&#8220;off&#8220; button_one_border_width__hover_enabled=&#8220;off&#8220; button_two_border_width__hover_enabled=&#8220;off&#8220; button_border_color__hover_enabled=&#8220;off&#8220; button_one_border_color__hover_enabled=&#8220;off&#8220; button_two_border_color__hover_enabled=&#8220;off&#8220; button_border_radius__hover_enabled=&#8220;off&#8220; button_one_border_radius__hover_enabled=&#8220;off&#8220; button_two_border_radius__hover_enabled=&#8220;off&#8220; button_letter_spacing__hover_enabled=&#8220;on&#8220; button_letter_spacing__hover=&#8220;2px&#8220; button_one_letter_spacing__hover_enabled=&#8220;off&#8220; button_two_letter_spacing__hover_enabled=&#8220;off&#8220; button_bg_color__hover_enabled=&#8220;off&#8220; button_one_bg_color__hover_enabled=&#8220;off&#8220; button_two_bg_color__hover_enabled=&#8220;off&#8220; sticky_enabled=&#8220;0&#8243;][\/et_pb_button][\/et_pb_column][\/et_pb_row][\/et_pb_section]<\/p>\n","protected":false},"excerpt":{"rendered":"<p>Experten Finden Finden Sie den idealen Experten f\u00fcr Ihr Projekt \u2013 unmittelbar, unkompliziert und unverbindlich.Experten Finden Finden Sie den idealen Experten f\u00fcr Ihr Projekt \u2013 unmittelbar, unkompliziert und unverbindlich. Dieter wei\u00df es besser &#8211; Mit unserem Tool &#8222;ask DIETER&#8220; erm\u00f6glichen wir es Ihnen eigenst\u00e4ndig und zu jeder Zeit einen Berater, mit den von Ihnen gesuchten [&hellip;]<\/p>\n","protected":false},"author":1,"featured_media":3726,"parent":0,"menu_order":0,"comment_status":"closed","ping_status":"closed","template":"","meta":{"_et_pb_use_builder":"on","_et_pb_old_content":"","_et_gb_content_width":"","footnotes":""},"class_list":["post-2926","page","type-page","status-publish","has-post-thumbnail","hentry"],"_links":{"self":[{"href":"https:\/\/acopa.de\/de\/wp-json\/wp\/v2\/pages\/2926","targetHints":{"allow":["GET"]}}],"collection":[{"href":"https:\/\/acopa.de\/de\/wp-json\/wp\/v2\/pages"}],"about":[{"href":"https:\/\/acopa.de\/de\/wp-json\/wp\/v2\/types\/page"}],"author":[{"embeddable":true,"href":"https:\/\/acopa.de\/de\/wp-json\/wp\/v2\/users\/1"}],"replies":[{"embeddable":true,"href":"https:\/\/acopa.de\/de\/wp-json\/wp\/v2\/comments?post=2926"}],"version-history":[{"count":27,"href":"https:\/\/acopa.de\/de\/wp-json\/wp\/v2\/pages\/2926\/revisions"}],"predecessor-version":[{"id":4497,"href":"https:\/\/acopa.de\/de\/wp-json\/wp\/v2\/pages\/2926\/revisions\/4497"}],"wp:featuredmedia":[{"embeddable":true,"href":"https:\/\/acopa.de\/de\/wp-json\/wp\/v2\/media\/3726"}],"wp:attachment":[{"href":"https:\/\/acopa.de\/de\/wp-json\/wp\/v2\/media?parent=2926"}],"curies":[{"name":"wp","href":"https:\/\/api.w.org\/{rel}","templated":true}]}}