{"id":1716,"date":"2020-09-17T10:46:32","date_gmt":"2020-09-17T08:46:32","guid":{"rendered":"http:\/\/192.181.0.88\/de\/?page_id=1716"},"modified":"2026-01-28T15:04:06","modified_gmt":"2026-01-28T14:04:06","slug":"impressum","status":"publish","type":"page","link":"https:\/\/acopa.de\/de\/impressum\/","title":{"rendered":"Impressum"},"content":{"rendered":"<p>[et_pb_section fb_built=&#8220;1&#8243; custom_padding_last_edited=&#8220;on|phone&#8220; disabled_on=&#8220;off|off|off&#8220; admin_label=&#8220;Featured Project&#8220; _builder_version=&#8220;4.16&#8243; custom_padding=&#8220;50px||50px||false|false&#8220; custom_padding_tablet=&#8220;0px||0px||true|false&#8220; custom_padding_phone=&#8220;&#8220; global_colors_info=&#8220;{}&#8220;][et_pb_row _builder_version=&#8220;4.16&#8243; _module_preset=&#8220;default&#8220; global_colors_info=&#8220;{}&#8220;][et_pb_column type=&#8220;4_4&#8243; _builder_version=&#8220;4.16&#8243; _module_preset=&#8220;default&#8220; global_colors_info=&#8220;{}&#8220;][et_pb_text _builder_version=&#8220;4.16&#8243; _module_preset=&#8220;default&#8220; text_font=&#8220;Proxima Nova Regular|300|||||||&#8220; header_2_font=&#8220;Proxima Nova SemiBold|700|||||||&#8220; header_2_text_color=&#8220;#bbd406&#8243; header_2_font_size=&#8220;30px&#8220; header_2_line_height=&#8220;1em&#8220; header_3_font=&#8220;Proxima Nova Regular|300||on|||||&#8220; header_3_text_color=&#8220;#878787&#8243; header_3_font_size=&#8220;18px&#8220; header_3_line_height=&#8220;0.1em&#8220; header_5_font=&#8220;Proxima Nova Regular|300|||||||&#8220; header_5_text_color=&#8220;#878787&#8243; max_width=&#8220;none&#8220; header_2_font_size_tablet=&#8220;&#8220; header_2_font_size_phone=&#8220;28px&#8220; header_2_font_size_last_edited=&#8220;on|desktop&#8220; header_5_font_size_tablet=&#8220;&#8220; header_5_font_size_phone=&#8220;14px&#8220; header_5_font_size_last_edited=&#8220;on|phone&#8220; global_colors_info=&#8220;{}&#8220;]<\/p>\n<h2>Impressum<\/h2>\n<h5>\u00a0<span>Angaben gem\u00e4\u00df \u00a7 5 TMG<\/span><\/h5>\n<p>[\/et_pb_text][\/et_pb_column][\/et_pb_row][et_pb_row column_structure=&#8220;2_5,3_5&#8243; custom_padding_last_edited=&#8220;on|desktop&#8220; admin_label=&#8220;Featured Project&#8220; _builder_version=&#8220;4.16&#8243; custom_margin=&#8220;0px||0px||false|false&#8220; custom_margin_tablet=&#8220;-10px||||false|false&#8220; custom_margin_phone=&#8220;-30px||||false|false&#8220; custom_margin_last_edited=&#8220;on|desktop&#8220; custom_padding=&#8220;0px||0px||false|false&#8220; custom_padding_tablet=&#8220;&#8220; custom_padding_phone=&#8220;&#8220; global_colors_info=&#8220;{}&#8220;][et_pb_column type=&#8220;2_5&#8243; _builder_version=&#8220;4.16&#8243; custom_padding=&#8220;|||&#8220; global_colors_info=&#8220;{}&#8220; custom_padding__hover=&#8220;|||&#8220;][et_pb_text _builder_version=&#8220;4.17.4&#8243; text_font=&#8220;Proxima Nova Regular||||||||&#8220; text_line_height=&#8220;1.3em&#8220; header_font=&#8220;Proxima Nova SemiBold||||||||&#8220; header_2_font_size=&#8220;28px&#8220; header_4_font=&#8220;Proxima Nova SemiBold||||||||&#8220; header_5_font=&#8220;Proxima Nova SemiBold||||||||&#8220; header_5_line_height=&#8220;1.3em&#8220; header_6_font=&#8220;Proxima Nova SemiBold||||||||&#8220; max_width=&#8220;90%&#8220; custom_margin=&#8220;|||&#8220; animation_direction=&#8220;left&#8220; text_font_size_tablet=&#8220;16px&#8220; text_font_size_phone=&#8220;14px&#8220; text_font_size_last_edited=&#8220;on|desktop&#8220; global_colors_info=&#8220;{}&#8220;]<\/p>\n<h4>ACOPA GmbH &amp; Co. KG<\/h4>\n<p>Sternstra\u00dfe 68<br \/>42275 Wuppertal<\/p>\n<h5><\/h5>\n<h5>Vertreten durch<\/h5>\n<p>Patrick Hochfeld<br \/>Sternstra\u00dfe 68<br \/>42275 Wuppertal<\/p>\n<h5><\/h5>\n<h5>Vertretungsberechtigte Gesch\u00e4ftsf\u00fchrer<\/h5>\n<p>Patrick Hochfeld<\/p>\n<h5><\/h5>\n<h5>Registereintrag<\/h5>\n<p>Eintragung im Handelsregister<br \/>Registernummer: HRA 25421<br \/>Registergericht: Amtsgericht Wuppertal<\/p>\n<h5><\/h5>\n<h5>Kontakt<\/h5>\n<p>Telefon: +49 (0)202 74 72 21 17<br \/>Fax:\u00a0 \u00a0 \u00a0 \u00a0+49 (0)202 74 72 18 40<\/p>\n<p>E-Mail: <a href=\"mailto:info@acopa.de?subject=Website%20Impressum\">info@acopa.de<\/a><br \/>Internetadresse: <a href=\"https:\/\/www.acopa.de\/\" target=\"_blank\" rel=\"noopener noreferrer\">www.acopa.de<\/a><\/p>\n<h5><\/h5>\n<h5>Umsatzsteuer-Identifikationsnummer<\/h5>\n<p>Umsatzsteuer-Identifikationsnummer (USt-IdNr.) gem\u00e4\u00df \u00a727a Umsatzsteuergesetz (UStG)<br \/>DE303827978<\/p>\n<p>&nbsp;<\/p>\n<h5>Angaben zur Berufshaftpflichtversicherung Name und Sitz des Versicherers<\/h5>\n<div class=\"page\" data-page-number=\"2\" data-loaded=\"true\">\n<div class=\"textLayer\">\n<div>Hiscox SA, Niederlassung f\u00fcr Deutschland<\/div>\n<\/div>\n<div class=\"textLayer\">\n<div>Bernhard\u2011Wicki\u2011Stra\u00dfe 3<\/div>\n<p><span>80636 M\u00fcnchen\u00a0<\/span><\/div>\n<h5>Deutschland<\/h5>\n<p>&nbsp;<\/p>\n<h5 class=\"textLayer\">Verantwortlich f\u00fcr den Inhalt nach \u00a7 55 Abs. 2 RStV<\/h5>\n<div class=\"textLayer\">\n<div>ACOPA GmbH &amp; Co. KG<\/div>\n<\/div>\n<\/div>\n<div class=\"page\" data-page-number=\"3\" data-loaded=\"true\"><\/div>\n<p>[\/et_pb_text][\/et_pb_column][et_pb_column type=&#8220;3_5&#8243; _builder_version=&#8220;4.16&#8243; custom_padding=&#8220;|||&#8220; global_colors_info=&#8220;{}&#8220; custom_padding__hover=&#8220;|||&#8220;][et_pb_text _builder_version=&#8220;4.17.4&#8243; _module_preset=&#8220;default&#8220; global_colors_info=&#8220;{}&#8220;]<\/p>\n<p><span style=\"color: #bbd406;font-family: Poppins, Helvetica, Arial, Lucida, sans-serif;font-size: 14px;font-weight: bold;letter-spacing: 1px;text-transform: uppercase\">Haftung f\u00fcr Inhalte<\/span><\/p>\n<p>&nbsp;<\/p>\n<p>Als Diensteanbieter sind wir gem\u00e4\u00df \u00a7 7 Abs.1 TMG f\u00fcr eigene Inhalte auf diesen Seiten nach den allgemeinen Gesetzen verantwortlich. Nach \u00a7\u00a7 8 bis 10 TMG sind wir als Diensteanbieter jedoch nicht verpflichtet, \u00fcbermittelte oder gespeicherte fremde Informationen zu \u00fcberwachen oder nach Umst\u00e4nden zu forschen, die auf eine rechtswidrige T\u00e4tigkeit hinweisen.<\/p>\n<p>&nbsp;<\/p>\n<p>Verpflichtungen zur Entfernung oder Sperrung der Nutzung von Informationen nach den allgemeinen Gesetzen bleiben hiervon unber\u00fchrt. Eine diesbez\u00fcgliche Haftung ist jedoch erst ab dem Zeitpunkt der Kenntnis einer konkreten Rechtsverletzung m\u00f6glich. Bei Bekanntwerden von entsprechenden Rechtsverletzungen werden wir diese Inhalte umgehend entfernen.<\/p>\n<p>&nbsp;<\/p>\n<h3>Haftung f\u00fcr Links<\/h3>\n<p>&nbsp;<\/p>\n<p>Unser Angebot enth\u00e4lt Links zu externen Websites Dritter, auf deren Inhalte wir keinen Einfluss haben. Deshalb k\u00f6nnen wir f\u00fcr diese fremden Inhalte auch keine Gew\u00e4hr \u00fcbernehmen. F\u00fcr die Inhalte der verlinkten Seiten ist stets der jeweilige Anbieter oder Betreiber der Seiten verantwortlich. Die verlinkten Seiten wurden zum Zeitpunkt der Verlinkung auf m\u00f6gliche Rechtsverst\u00f6\u00dfe \u00fcberpr\u00fcft. Rechtswidrige Inhalte waren zum Zeitpunkt der Verlinkung nicht erkennbar.<\/p>\n<p>&nbsp;<\/p>\n<p>Eine permanente inhaltliche Kontrolle der verlinkten Seiten ist jedoch ohne konkrete Anhaltspunkte einer Rechtsverletzung nicht zumutbar. Bei Bekanntwerden von Rechtsverletzungen werden wir derartige Links umgehend entfernen.<\/p>\n<p>&nbsp;<\/p>\n<h3>Urheberrecht<\/h3>\n<p>&nbsp;<\/p>\n<p>Die durch die Seitenbetreiber erstellten Inhalte und Werke auf diesen Seiten unterliegen dem deutschen Urheberrecht. Die Vervielf\u00e4ltigung, Bearbeitung, Verbreitung und jede Art der Verwertung au\u00dferhalb der Grenzen des Urheberrechtes bed\u00fcrfen der schriftlichen Zustimmung des jeweiligen Autors bzw. Erstellers. Downloads und Kopien dieser Seite sind nur f\u00fcr den privaten, nicht kommerziellen Gebrauch gestattet.<\/p>\n<p>&nbsp;<\/p>\n<p>Soweit die Inhalte auf dieser Seite nicht vom Betreiber erstellt wurden, werden die Urheberrechte Dritter beachtet. Insbesondere werden Inhalte Dritter als solche gekennzeichnet. Sollten Sie trotzdem auf eine Urheberrechtsverletzung aufmerksam werden, bitten wir um einen entsprechenden Hinweis. Bei Bekanntwerden von Rechtsverletzungen werden wir derartige Inhalte umgehend entfernen.<\/p>\n<p>&nbsp;<\/p>\n<p><span>SAP und andere auf dieser Website erw\u00e4hnte Produkte und Dienstleistungen von SAP sowie die dazugeh\u00f6rigen Logos sind Marken oder eingetragene Marken der SAP SE in Deutschland und anderen L\u00e4ndern. Alle anderen Namen von Produkten und Dienstleistungen sind Marken der jeweiligen Firmen. Zus\u00e4tzliche Informationen zur Marke und Vermerke finden Sie auf der Seite <\/span><a href=\"https:\/\/www.sap.com\/corporate-de\/about\/legal\/copyright\/index.html\" target=\"_blank\" rel=\"noopener noreferrer\">https:\/\/www.sap.com\/corporate-de\/about\/legal\/copyright\/index.html<\/a><span>.<\/span><\/p>\n<p>&nbsp;<\/p>\n<p><span>Tableau und andere auf dieser Website erw\u00e4hnte Produkte und Dienstleistungen von\u00a0Tableau sowie die dazugeh\u00f6rigen Logos sind Marken oder eingetragene Marken der Tableau in Deutschland und anderen L\u00e4ndern. Alle anderen Namen von Produkten und Dienstleistungen sind Marken der jeweiligen Firmen. Zus\u00e4tzliche Informationen zur Marke und Vermerke finden Sie auf der Seite\u00a0<a href=\"https:\/\/www.tableau.com\/ip\">https:\/\/www.tableau.com\/ip.<\/a><\/span><\/p>\n<p>&nbsp;<\/p>\n<p>Quelle: <a href=\"https:\/\/www.e-recht24.de\/impressum-generator.html\">https:\/\/www.e-recht24.de\/impressum-generator.html<\/a><\/p>\n<p>&nbsp;<\/p>\n<p>Quellenangaben der verwendeten Bilder &amp; Grafiken:<br \/><a href=\"https:\/\/stock.adobe.com\/de\/\">https:\/\/stock.adobe.com\/de\/<br \/><\/a><a href=\"https:\/\/sap.com\/\" target=\"_blank\" rel=\"noopener noreferrer\">https:\/\/sap.com<\/a><a href=\"https:\/\/stock.adobe.com\/de\/\"><\/a><\/p>\n<p>&nbsp;<\/p>\n<p>[\/et_pb_text][\/et_pb_column][\/et_pb_row][\/et_pb_section]<\/p>\n","protected":false},"excerpt":{"rendered":"<p>Impressum \u00a0Angaben gem\u00e4\u00df \u00a7 5 TMGACOPA GmbH &amp; Co. KG Sternstra\u00dfe 6842275 Wuppertal Vertreten durch Patrick HochfeldSternstra\u00dfe 6842275 Wuppertal Vertretungsberechtigte Gesch\u00e4ftsf\u00fchrer Patrick Hochfeld Registereintrag Eintragung im HandelsregisterRegisternummer: HRA 25421Registergericht: Amtsgericht Wuppertal Kontakt Telefon: +49 (0)202 74 72 21 17Fax:\u00a0 \u00a0 \u00a0 \u00a0+49 (0)202 74 72 18 40 E-Mail: info@acopa.deInternetadresse: www.acopa.de Umsatzsteuer-Identifikationsnummer Umsatzsteuer-Identifikationsnummer (USt-IdNr.) gem\u00e4\u00df \u00a727a [&hellip;]<\/p>\n","protected":false},"author":1,"featured_media":2773,"parent":0,"menu_order":0,"comment_status":"closed","ping_status":"closed","template":"","meta":{"_et_pb_use_builder":"on","_et_pb_old_content":"","_et_gb_content_width":"","footnotes":""},"class_list":["post-1716","page","type-page","status-publish","has-post-thumbnail","hentry"],"_links":{"self":[{"href":"https:\/\/acopa.de\/de\/wp-json\/wp\/v2\/pages\/1716","targetHints":{"allow":["GET"]}}],"collection":[{"href":"https:\/\/acopa.de\/de\/wp-json\/wp\/v2\/pages"}],"about":[{"href":"https:\/\/acopa.de\/de\/wp-json\/wp\/v2\/types\/page"}],"author":[{"embeddable":true,"href":"https:\/\/acopa.de\/de\/wp-json\/wp\/v2\/users\/1"}],"replies":[{"embeddable":true,"href":"https:\/\/acopa.de\/de\/wp-json\/wp\/v2\/comments?post=1716"}],"version-history":[{"count":33,"href":"https:\/\/acopa.de\/de\/wp-json\/wp\/v2\/pages\/1716\/revisions"}],"predecessor-version":[{"id":5201,"href":"https:\/\/acopa.de\/de\/wp-json\/wp\/v2\/pages\/1716\/revisions\/5201"}],"wp:featuredmedia":[{"embeddable":true,"href":"https:\/\/acopa.de\/de\/wp-json\/wp\/v2\/media\/2773"}],"wp:attachment":[{"href":"https:\/\/acopa.de\/de\/wp-json\/wp\/v2\/media?parent=1716"}],"curies":[{"name":"wp","href":"https:\/\/api.w.org\/{rel}","templated":true}]}}